{"id":306,"date":"2016-08-10T17:41:26","date_gmt":"2016-08-10T22:41:26","guid":{"rendered":"http:\/\/www.zimmer.com.mx\/?page_id=306&#038;lang=en"},"modified":"2020-10-27T18:12:25","modified_gmt":"2020-10-28T00:12:25","slug":"certifications","status":"publish","type":"page","link":"https:\/\/omnisource.com.mx\/en\/certifications\/","title":{"rendered":"Certifications"},"content":{"rendered":"<p>[vc_row][vc_column][vc_column_text]We have all the government permits and licences for the\u00a0 handling, transportation and disposal of industrial materials. We also fulfill all environmental agencies regulations.[\/vc_column_text][\/vc_column][\/vc_row][vc_row][vc_column width=&#8221;2\/12&#8243;][\/vc_column][vc_column width=&#8221;8\/12&#8243;][vc_row_inner][vc_column_inner width=&#8221;1\/2&#8243;]<div class=\"aio-icon-component  vc_custom_1475768347053   style_2\"><div id=\"Info-box-wrap-4296\" class=\"aio-icon-box heading-right-icon\" style=\"\"  ><div class=\"aio-icon-header\" ><h3 class=\"aio-icon-title ult-responsive\"  data-ultimate-target='#Info-box-wrap-4296 .aio-icon-title'  data-responsive-json-new='{\"font-size\":\"desktop:20px;\",\"line-height\":\"\"}'  style=\"font-family:'Oswald';font-weight:normal;font-style:normal;\">IMMEX certification<\/h3><\/div> <!-- header --><div class=\"aio-icon-heading-right\" ><div class=\"ult-just-icon-wrapper  \"><div class=\"align-icon\" style=\"text-align:center;\">\n<div class=\"aio-icon none \" data-animation=\"fadeIn\" data-animation-delay=\"03\" style=\"color:#002b67;font-size:42px;display:inline-block;\">\n\t<i class=\"Zimmercertificaciones-medal\"><\/i>\n<\/div><\/div><\/div><\/div><\/div> <!-- aio-icon-box --><\/div> <!-- aio-icon-component -->[\/vc_column_inner][vc_column_inner width=&#8221;1\/2&#8243;]<div class=\"aio-icon-component  vc_custom_1478544269056   style_2\"><div id=\"Info-box-wrap-5933\" class=\"aio-icon-box default-icon\" style=\"\"  ><div class=\"aio-icon-default\"><div class=\"ult-just-icon-wrapper  \"><div class=\"align-icon\" style=\"text-align:center;\">\n<div class=\"aio-icon none \" data-animation=\"fadeIn\" data-animation-delay=\"03\" style=\"color:#002b67;font-size:42px;display:inline-block;\">\n\t<i class=\"Zimmercertificaciones-diploma\"><\/i>\n<\/div><\/div><\/div><\/div><div class=\"aio-icon-header\" ><h3 class=\"aio-icon-title ult-responsive\"  data-ultimate-target='#Info-box-wrap-5933 .aio-icon-title'  data-responsive-json-new='{\"font-size\":\"desktop:20px;\",\"line-height\":\"\"}'  style=\"font-family:'Oswald';font-weight:normal;font-style:normal;\">OEA <\/h3><\/div> <!-- header --><\/div> <!-- aio-icon-box --><\/div> <!-- aio-icon-component -->[\/vc_column_inner][\/vc_row_inner][vc_row_inner][vc_column_inner width=&#8221;1\/2&#8243;]<div class=\"aio-icon-component  vc_custom_1603843934850   style_2\"><div id=\"Info-box-wrap-7880\" class=\"aio-icon-box heading-right-icon\" style=\"\"  ><div class=\"aio-icon-header\" ><h3 class=\"aio-icon-title ult-responsive\"  data-ultimate-target='#Info-box-wrap-7880 .aio-icon-title'  data-responsive-json-new='{\"font-size\":\"desktop:20px;\",\"line-height\":\"\"}'  style=\"font-family:'Oswald';font-weight:normal;font-style:normal;\">Special permits for the transportation of special handling residues<\/h3><\/div> <!-- header --><div class=\"aio-icon-heading-right\" ><div class=\"ult-just-icon-wrapper  \"><div class=\"align-icon\" style=\"text-align:center;\">\n<div class=\"aio-icon none \" data-animation=\"fadeIn\" data-animation-delay=\"03\" style=\"color:#002b67;font-size:42px;display:inline-block;\">\n\t<i class=\"Zimmercertificaciones-warning-symbol\"><\/i>\n<\/div><\/div><\/div><\/div><\/div> <!-- aio-icon-box --><\/div> <!-- aio-icon-component -->[\/vc_column_inner][vc_column_inner width=&#8221;1\/2&#8243;]<div class=\"aio-icon-component  vc_custom_1475768389270   style_2\"><div id=\"Info-box-wrap-9633\" class=\"aio-icon-box default-icon\" style=\"\"  ><div class=\"aio-icon-default\"><div class=\"ult-just-icon-wrapper  \"><div class=\"align-icon\" style=\"text-align:center;\">\n<div class=\"aio-icon none \" data-animation=\"fadeIn\" data-animation-delay=\"03\" style=\"color:#002b67;font-size:42px;display:inline-block;\">\n\t<i class=\"Zimmercertificaciones-recycling-symbol\"><\/i>\n<\/div><\/div><\/div><\/div><div class=\"aio-icon-header\" ><h3 class=\"aio-icon-title ult-responsive\"  data-ultimate-target='#Info-box-wrap-9633 .aio-icon-title'  data-responsive-json-new='{\"font-size\":\"desktop:20px;\",\"line-height\":\"\"}'  style=\"font-family:'Oswald';font-weight:normal;font-style:normal;\">Special permit for buying &amp; selling special handling residues<\/h3><\/div> <!-- header --><\/div> <!-- aio-icon-box --><\/div> <!-- aio-icon-component -->[\/vc_column_inner][\/vc_row_inner][vc_row_inner][vc_column_inner width=&#8221;1\/2&#8243;]<div class=\"aio-icon-component  vc_custom_1475768400617   style_2\"><div id=\"Info-box-wrap-2974\" class=\"aio-icon-box heading-right-icon\" style=\"\"  ><div class=\"aio-icon-header\" ><h3 class=\"aio-icon-title ult-responsive\"  data-ultimate-target='#Info-box-wrap-2974 .aio-icon-title'  data-responsive-json-new='{\"font-size\":\"desktop:20px;\",\"line-height\":\"\"}'  style=\"font-family:'Oswald';font-weight:normal;font-style:normal;\">Hazardous waste transporter authorization<\/h3><\/div> <!-- header --><div class=\"aio-icon-heading-right\" ><div class=\"ult-just-icon-wrapper  \"><div class=\"align-icon\" style=\"text-align:center;\">\n<div class=\"aio-icon none \" data-animation=\"fadeIn\" data-animation-delay=\"03\" style=\"color:#002b67;font-size:42px;display:inline-block;\">\n\t<i class=\"Zimmercertificaciones-biohazard\"><\/i>\n<\/div><\/div><\/div><\/div><\/div> <!-- aio-icon-box --><\/div> <!-- aio-icon-component -->[\/vc_column_inner][vc_column_inner width=&#8221;1\/2&#8243;][\/vc_column_inner][\/vc_row_inner][\/vc_column][vc_column width=&#8221;2\/12&#8243;][\/vc_column][\/vc_row]<\/p>\n","protected":false},"excerpt":{"rendered":"<p>[vc_row][vc_column][vc_column_text]We have all the government permits and licences for the\u00a0 handling, transportation and disposal of&#8230;<\/p>\n","protected":false},"author":2,"featured_media":0,"parent":0,"menu_order":0,"comment_status":"closed","ping_status":"closed","template":"","meta":{"footnotes":""},"class_list":["post-306","page","type-page","status-publish","hentry"],"yoast_head":"<!-- This site is optimized with the Yoast SEO plugin v27.4 - https:\/\/yoast.com\/product\/yoast-seo-wordpress\/ -->\n<title>OmniSource<\/title>\n<meta name=\"description\" content=\"OmniSource Somos l\u00edderes con m\u00e1s de 35 a\u00f1os de experiencia en el servicio de recolecci\u00f3n y compra de scrap a la industria, as\u00ed como en la venta de materiales a nivel mundial.\" \/>\n<meta name=\"robots\" content=\"index, follow, max-snippet:-1, max-image-preview:large, max-video-preview:-1\" \/>\n<link rel=\"canonical\" href=\"https:\/\/omnisource.com.mx\/certificaciones\/\" \/>\n<meta property=\"og:locale\" content=\"en_US\" \/>\n<meta property=\"og:type\" content=\"article\" \/>\n<meta property=\"og:title\" content=\"OmniSource\" \/>\n<meta property=\"og:description\" content=\"OmniSource Somos l\u00edderes con m\u00e1s de 35 a\u00f1os de experiencia en el servicio de recolecci\u00f3n y compra de scrap a la industria, as\u00ed como en la venta de materiales a nivel mundial.\" \/>\n<meta property=\"og:url\" content=\"https:\/\/omnisource.com.mx\/certificaciones\/\" \/>\n<meta property=\"og:site_name\" content=\"Zimmer\" \/>\n<meta property=\"article:modified_time\" content=\"2020-10-28T00:12:25+00:00\" \/>\n<meta name=\"twitter:card\" content=\"summary_large_image\" \/>\n<meta name=\"twitter:label1\" content=\"Est. reading time\" \/>\n\t<meta name=\"twitter:data1\" content=\"2 minutes\" \/>\n<script type=\"application\/ld+json\" class=\"yoast-schema-graph\">{\"@context\":\"https:\\\/\\\/schema.org\",\"@graph\":[{\"@type\":\"WebPage\",\"@id\":\"https:\\\/\\\/omnisource.com.mx\\\/certificaciones\\\/\",\"url\":\"https:\\\/\\\/omnisource.com.mx\\\/certificaciones\\\/\",\"name\":\"OmniSource\",\"isPartOf\":{\"@id\":\"https:\\\/\\\/omnisource.com.mx\\\/#website\"},\"datePublished\":\"2016-08-10T22:41:26+00:00\",\"dateModified\":\"2020-10-28T00:12:25+00:00\",\"description\":\"OmniSource Somos l\u00edderes con m\u00e1s de 35 a\u00f1os de experiencia en el servicio de recolecci\u00f3n y compra de scrap a la industria, as\u00ed como en la venta de materiales a nivel mundial.\",\"breadcrumb\":{\"@id\":\"https:\\\/\\\/omnisource.com.mx\\\/certificaciones\\\/#breadcrumb\"},\"inLanguage\":\"en-US\",\"potentialAction\":[{\"@type\":\"ReadAction\",\"target\":[\"https:\\\/\\\/omnisource.com.mx\\\/certificaciones\\\/\"]}]},{\"@type\":\"BreadcrumbList\",\"@id\":\"https:\\\/\\\/omnisource.com.mx\\\/certificaciones\\\/#breadcrumb\",\"itemListElement\":[{\"@type\":\"ListItem\",\"position\":1,\"name\":\"Portada\",\"item\":\"https:\\\/\\\/omnisource.com.mx\\\/en\\\/\"},{\"@type\":\"ListItem\",\"position\":2,\"name\":\"Certifications\"}]},{\"@type\":\"WebSite\",\"@id\":\"https:\\\/\\\/omnisource.com.mx\\\/#website\",\"url\":\"https:\\\/\\\/omnisource.com.mx\\\/\",\"name\":\"Zimmer\",\"description\":\"Recycling\",\"potentialAction\":[{\"@type\":\"SearchAction\",\"target\":{\"@type\":\"EntryPoint\",\"urlTemplate\":\"https:\\\/\\\/omnisource.com.mx\\\/?s={search_term_string}\"},\"query-input\":{\"@type\":\"PropertyValueSpecification\",\"valueRequired\":true,\"valueName\":\"search_term_string\"}}],\"inLanguage\":\"en-US\"}]}<\/script>\n<!-- \/ Yoast SEO plugin. -->","yoast_head_json":{"title":"OmniSource","description":"OmniSource Somos l\u00edderes con m\u00e1s de 35 a\u00f1os de experiencia en el servicio de recolecci\u00f3n y compra de scrap a la industria, as\u00ed como en la venta de materiales a nivel mundial.","robots":{"index":"index","follow":"follow","max-snippet":"max-snippet:-1","max-image-preview":"max-image-preview:large","max-video-preview":"max-video-preview:-1"},"canonical":"https:\/\/omnisource.com.mx\/certificaciones\/","og_locale":"en_US","og_type":"article","og_title":"OmniSource","og_description":"OmniSource Somos l\u00edderes con m\u00e1s de 35 a\u00f1os de experiencia en el servicio de recolecci\u00f3n y compra de scrap a la industria, as\u00ed como en la venta de materiales a nivel mundial.","og_url":"https:\/\/omnisource.com.mx\/certificaciones\/","og_site_name":"Zimmer","article_modified_time":"2020-10-28T00:12:25+00:00","twitter_card":"summary_large_image","twitter_misc":{"Est. reading time":"2 minutes"},"schema":{"@context":"https:\/\/schema.org","@graph":[{"@type":"WebPage","@id":"https:\/\/omnisource.com.mx\/certificaciones\/","url":"https:\/\/omnisource.com.mx\/certificaciones\/","name":"OmniSource","isPartOf":{"@id":"https:\/\/omnisource.com.mx\/#website"},"datePublished":"2016-08-10T22:41:26+00:00","dateModified":"2020-10-28T00:12:25+00:00","description":"OmniSource Somos l\u00edderes con m\u00e1s de 35 a\u00f1os de experiencia en el servicio de recolecci\u00f3n y compra de scrap a la industria, as\u00ed como en la venta de materiales a nivel mundial.","breadcrumb":{"@id":"https:\/\/omnisource.com.mx\/certificaciones\/#breadcrumb"},"inLanguage":"en-US","potentialAction":[{"@type":"ReadAction","target":["https:\/\/omnisource.com.mx\/certificaciones\/"]}]},{"@type":"BreadcrumbList","@id":"https:\/\/omnisource.com.mx\/certificaciones\/#breadcrumb","itemListElement":[{"@type":"ListItem","position":1,"name":"Portada","item":"https:\/\/omnisource.com.mx\/en\/"},{"@type":"ListItem","position":2,"name":"Certifications"}]},{"@type":"WebSite","@id":"https:\/\/omnisource.com.mx\/#website","url":"https:\/\/omnisource.com.mx\/","name":"Zimmer","description":"Recycling","potentialAction":[{"@type":"SearchAction","target":{"@type":"EntryPoint","urlTemplate":"https:\/\/omnisource.com.mx\/?s={search_term_string}"},"query-input":{"@type":"PropertyValueSpecification","valueRequired":true,"valueName":"search_term_string"}}],"inLanguage":"en-US"}]}},"_links":{"self":[{"href":"https:\/\/omnisource.com.mx\/en\/wp-json\/wp\/v2\/pages\/306","targetHints":{"allow":["GET"]}}],"collection":[{"href":"https:\/\/omnisource.com.mx\/en\/wp-json\/wp\/v2\/pages"}],"about":[{"href":"https:\/\/omnisource.com.mx\/en\/wp-json\/wp\/v2\/types\/page"}],"author":[{"embeddable":true,"href":"https:\/\/omnisource.com.mx\/en\/wp-json\/wp\/v2\/users\/2"}],"replies":[{"embeddable":true,"href":"https:\/\/omnisource.com.mx\/en\/wp-json\/wp\/v2\/comments?post=306"}],"version-history":[{"count":7,"href":"https:\/\/omnisource.com.mx\/en\/wp-json\/wp\/v2\/pages\/306\/revisions"}],"predecessor-version":[{"id":561,"href":"https:\/\/omnisource.com.mx\/en\/wp-json\/wp\/v2\/pages\/306\/revisions\/561"}],"wp:attachment":[{"href":"https:\/\/omnisource.com.mx\/en\/wp-json\/wp\/v2\/media?parent=306"}],"curies":[{"name":"wp","href":"https:\/\/api.w.org\/{rel}","templated":true}]}}