{"id":331,"date":"2016-08-10T17:54:59","date_gmt":"2016-08-10T22:54:59","guid":{"rendered":"http:\/\/www.zimmer.com.mx\/?page_id=331&#038;lang=en"},"modified":"2016-08-10T17:54:59","modified_gmt":"2016-08-10T22:54:59","slug":"politicas-de-privacidad","status":"publish","type":"page","link":"https:\/\/omnisource.com.mx\/en\/politicas-de-privacidad\/","title":{"rendered":"Pol\u00edticas de Privacidad"},"content":{"rendered":"<p>[vc_row][vc_column][vc_column_text]Con fundamento en los art\u00edculos 15 y 16 de la <strong>Ley Federal de Protecci\u00f3n de Datos Personales en Posesi\u00f3n de Particulares<\/strong> hacemos de su conocimiento que <strong><em>ZIMMER SA DE CV \u00a0<\/em><\/strong>con domicilio en <strong><em>CALZADA DEL VALLE # 255 2\u00aa, COL. DEL VALLE, SAN PEDRO GARZA GARC\u00cdA <\/em><\/strong>es responsable de recabar sus datos personales, del uso que se le d\u00e9 a los mismos y de su protecci\u00f3n.<\/p>\n<p>Su informaci\u00f3n personal ser\u00e1 utilizada para las siguientes finalidades: proveer los servicios y productos que ha solicitado; notificarle sobre nuevos servicios o productos que tengan relaci\u00f3n con los ya contratados o adquiridos; comunicarle sobre cambios en los mismos; elaborar estudios y programas que son necesarios para determinar h\u00e1bitos de consumo; realizar evaluaciones peri\u00f3dicas de nuestros productos y servicios a efecto de mejorar la calidad de los mismos; evaluar la calidad del servicio que brindamos, y en general, para dar cumplimiento a las obligaciones que hemos contra\u00eddo con usted.<\/p>\n<p>Para las finalidades antes mencionadas, requerimos obtener los siguientes datos personales:<\/p>\n<ul>\n<li><strong>Nombre completo<\/strong><\/li>\n<li><strong>Edad<\/strong><\/li>\n<li><strong>Estado civil<\/strong><\/li>\n<li><strong>Sexo<\/strong><\/li>\n<li><strong>Tel\u00e9fono fijo y\/o celular<\/strong><\/li>\n<li><strong>Correo electr\u00f3nico<\/strong><\/li>\n<li><strong>ID de Facebook, Twitter y\/o Linkedin<\/strong><\/li>\n<li><strong>Firma aut\u00f3grafa<\/strong><\/li>\n<li><strong>Direcci\u00f3n<\/strong><\/li>\n<li><strong>Nivel de escolaridad<\/strong><\/li>\n<li><strong>RFC y\/o CURP<\/strong><\/li>\n<li><strong>N\u00daMEROS DE CUENTA BANCARIOS<\/strong><\/li>\n<\/ul>\n<p>Es importante informarle que usted tiene derecho al Acceso, Rectificaci\u00f3n y Cancelaci\u00f3n de sus datos personales, a Oponerse al tratamiento de los mismos o a revocar el consentimiento que para dicho fin nos haya otorgado.<\/p>\n<p>\u00b7\u00a0\u00a0\u00a0\u00a0\u00a0\u00a0 Para ello, es necesario que env\u00ede la solicitud en los t\u00e9rminos que marca la Ley en su Art. 29 a DEPARTAMENTO DE PROTECCI\u00d3N DE DATOS, responsable de nuestro Departamento de Protecci\u00f3n de Datos Personales, ubicado en<strong><em> ZIMMER SA DE CV \u00a0\u00a0<\/em><\/strong>con domicilio en <strong><em>CALZADA DEL VALLE # 255 2\u00aa, COL. DEL VALLE, SAN PEDRO GARZA GARC\u00cdA <\/em><\/strong>o bien, se comunique al tel\u00e9fono <strong><em>87 48 4000<\/em><\/strong><\/p>\n<p>o v\u00eda correo electr\u00f3nico a <a href=\"mailto:contacto@\">contacto@<\/a>aircare.com \u00a0\u00a0<strong>\u00a0<\/strong>el cual solicitamos confirme v\u00eda telef\u00f3nica para garantizar su correcta recepci\u00f3n.<\/p>\n<p>Importante: Cualquier modificaci\u00f3n a este Aviso de Privacidad podr\u00e1 consultarlo en<\/p>\n<p><strong>http:\/\/www.<\/strong>aircare.com<\/p>\n<p>Fecha de \u00faltima actualizaci\u00f3n: <strong>06\/02\/2016<\/strong>[\/vc_column_text][\/vc_column][\/vc_row][vc_row][vc_column]<div class=\"ult-spacer spacer-6a0965ca2d4e1\" data-id=\"6a0965ca2d4e1\" data-height=\"10\" data-height-mobile=\"10\" data-height-tab=\"10\" data-height-tab-portrait=\"\" data-height-mobile-landscape=\"\" style=\"clear:both;display:block;\"><\/div>[\/vc_column][\/vc_row]<\/p>\n","protected":false},"excerpt":{"rendered":"<p>[vc_row][vc_column][vc_column_text]Con fundamento en los art\u00edculos 15 y 16 de la Ley Federal de Protecci\u00f3n de&#8230;<\/p>\n","protected":false},"author":2,"featured_media":0,"parent":0,"menu_order":0,"comment_status":"closed","ping_status":"closed","template":"","meta":{"footnotes":""},"class_list":["post-331","page","type-page","status-publish","hentry"],"yoast_head":"<!-- This site is optimized with the Yoast SEO plugin v27.4 - https:\/\/yoast.com\/product\/yoast-seo-wordpress\/ -->\n<title>OmniSource<\/title>\n<meta name=\"description\" content=\"OmniSource Somos l\u00edderes con m\u00e1s de 35 a\u00f1os de experiencia en el servicio de recolecci\u00f3n y compra de scrap a la industria, as\u00ed como en la venta de materiales a nivel mundial.\" \/>\n<meta name=\"robots\" content=\"index, follow, max-snippet:-1, max-image-preview:large, max-video-preview:-1\" \/>\n<link rel=\"canonical\" href=\"https:\/\/omnisource.com.mx\/politicas-de-privacidad\/\" \/>\n<meta property=\"og:locale\" content=\"en_US\" \/>\n<meta property=\"og:type\" content=\"article\" \/>\n<meta property=\"og:title\" content=\"OmniSource\" \/>\n<meta property=\"og:description\" content=\"OmniSource Somos l\u00edderes con m\u00e1s de 35 a\u00f1os de experiencia en el servicio de recolecci\u00f3n y compra de scrap a la industria, as\u00ed como en la venta de materiales a nivel mundial.\" \/>\n<meta property=\"og:url\" content=\"https:\/\/omnisource.com.mx\/politicas-de-privacidad\/\" \/>\n<meta property=\"og:site_name\" content=\"Zimmer\" \/>\n<meta name=\"twitter:card\" content=\"summary_large_image\" \/>\n<meta name=\"twitter:label1\" content=\"Est. reading time\" \/>\n\t<meta name=\"twitter:data1\" content=\"2 minutes\" \/>\n<script type=\"application\/ld+json\" class=\"yoast-schema-graph\">{\"@context\":\"https:\\\/\\\/schema.org\",\"@graph\":[{\"@type\":\"WebPage\",\"@id\":\"https:\\\/\\\/omnisource.com.mx\\\/politicas-de-privacidad\\\/\",\"url\":\"https:\\\/\\\/omnisource.com.mx\\\/politicas-de-privacidad\\\/\",\"name\":\"OmniSource\",\"isPartOf\":{\"@id\":\"https:\\\/\\\/omnisource.com.mx\\\/#website\"},\"datePublished\":\"2016-08-10T22:54:59+00:00\",\"description\":\"OmniSource Somos l\u00edderes con m\u00e1s de 35 a\u00f1os de experiencia en el servicio de recolecci\u00f3n y compra de scrap a la industria, as\u00ed como en la venta de materiales a nivel mundial.\",\"breadcrumb\":{\"@id\":\"https:\\\/\\\/omnisource.com.mx\\\/politicas-de-privacidad\\\/#breadcrumb\"},\"inLanguage\":\"en-US\",\"potentialAction\":[{\"@type\":\"ReadAction\",\"target\":[\"https:\\\/\\\/omnisource.com.mx\\\/politicas-de-privacidad\\\/\"]}]},{\"@type\":\"BreadcrumbList\",\"@id\":\"https:\\\/\\\/omnisource.com.mx\\\/politicas-de-privacidad\\\/#breadcrumb\",\"itemListElement\":[{\"@type\":\"ListItem\",\"position\":1,\"name\":\"Portada\",\"item\":\"https:\\\/\\\/omnisource.com.mx\\\/en\\\/\"},{\"@type\":\"ListItem\",\"position\":2,\"name\":\"Pol\u00edticas de Privacidad\"}]},{\"@type\":\"WebSite\",\"@id\":\"https:\\\/\\\/omnisource.com.mx\\\/#website\",\"url\":\"https:\\\/\\\/omnisource.com.mx\\\/\",\"name\":\"Zimmer\",\"description\":\"Recycling\",\"potentialAction\":[{\"@type\":\"SearchAction\",\"target\":{\"@type\":\"EntryPoint\",\"urlTemplate\":\"https:\\\/\\\/omnisource.com.mx\\\/?s={search_term_string}\"},\"query-input\":{\"@type\":\"PropertyValueSpecification\",\"valueRequired\":true,\"valueName\":\"search_term_string\"}}],\"inLanguage\":\"en-US\"}]}<\/script>\n<!-- \/ Yoast SEO plugin. -->","yoast_head_json":{"title":"OmniSource","description":"OmniSource Somos l\u00edderes con m\u00e1s de 35 a\u00f1os de experiencia en el servicio de recolecci\u00f3n y compra de scrap a la industria, as\u00ed como en la venta de materiales a nivel mundial.","robots":{"index":"index","follow":"follow","max-snippet":"max-snippet:-1","max-image-preview":"max-image-preview:large","max-video-preview":"max-video-preview:-1"},"canonical":"https:\/\/omnisource.com.mx\/politicas-de-privacidad\/","og_locale":"en_US","og_type":"article","og_title":"OmniSource","og_description":"OmniSource Somos l\u00edderes con m\u00e1s de 35 a\u00f1os de experiencia en el servicio de recolecci\u00f3n y compra de scrap a la industria, as\u00ed como en la venta de materiales a nivel mundial.","og_url":"https:\/\/omnisource.com.mx\/politicas-de-privacidad\/","og_site_name":"Zimmer","twitter_card":"summary_large_image","twitter_misc":{"Est. reading time":"2 minutes"},"schema":{"@context":"https:\/\/schema.org","@graph":[{"@type":"WebPage","@id":"https:\/\/omnisource.com.mx\/politicas-de-privacidad\/","url":"https:\/\/omnisource.com.mx\/politicas-de-privacidad\/","name":"OmniSource","isPartOf":{"@id":"https:\/\/omnisource.com.mx\/#website"},"datePublished":"2016-08-10T22:54:59+00:00","description":"OmniSource Somos l\u00edderes con m\u00e1s de 35 a\u00f1os de experiencia en el servicio de recolecci\u00f3n y compra de scrap a la industria, as\u00ed como en la venta de materiales a nivel mundial.","breadcrumb":{"@id":"https:\/\/omnisource.com.mx\/politicas-de-privacidad\/#breadcrumb"},"inLanguage":"en-US","potentialAction":[{"@type":"ReadAction","target":["https:\/\/omnisource.com.mx\/politicas-de-privacidad\/"]}]},{"@type":"BreadcrumbList","@id":"https:\/\/omnisource.com.mx\/politicas-de-privacidad\/#breadcrumb","itemListElement":[{"@type":"ListItem","position":1,"name":"Portada","item":"https:\/\/omnisource.com.mx\/en\/"},{"@type":"ListItem","position":2,"name":"Pol\u00edticas de Privacidad"}]},{"@type":"WebSite","@id":"https:\/\/omnisource.com.mx\/#website","url":"https:\/\/omnisource.com.mx\/","name":"Zimmer","description":"Recycling","potentialAction":[{"@type":"SearchAction","target":{"@type":"EntryPoint","urlTemplate":"https:\/\/omnisource.com.mx\/?s={search_term_string}"},"query-input":{"@type":"PropertyValueSpecification","valueRequired":true,"valueName":"search_term_string"}}],"inLanguage":"en-US"}]}},"_links":{"self":[{"href":"https:\/\/omnisource.com.mx\/en\/wp-json\/wp\/v2\/pages\/331","targetHints":{"allow":["GET"]}}],"collection":[{"href":"https:\/\/omnisource.com.mx\/en\/wp-json\/wp\/v2\/pages"}],"about":[{"href":"https:\/\/omnisource.com.mx\/en\/wp-json\/wp\/v2\/types\/page"}],"author":[{"embeddable":true,"href":"https:\/\/omnisource.com.mx\/en\/wp-json\/wp\/v2\/users\/2"}],"replies":[{"embeddable":true,"href":"https:\/\/omnisource.com.mx\/en\/wp-json\/wp\/v2\/comments?post=331"}],"version-history":[{"count":2,"href":"https:\/\/omnisource.com.mx\/en\/wp-json\/wp\/v2\/pages\/331\/revisions"}],"predecessor-version":[{"id":334,"href":"https:\/\/omnisource.com.mx\/en\/wp-json\/wp\/v2\/pages\/331\/revisions\/334"}],"wp:attachment":[{"href":"https:\/\/omnisource.com.mx\/en\/wp-json\/wp\/v2\/media?parent=331"}],"curies":[{"name":"wp","href":"https:\/\/api.w.org\/{rel}","templated":true}]}}