{"id":338,"date":"2016-06-28T12:43:56","date_gmt":"2016-06-28T17:43:56","guid":{"rendered":"http:\/\/www.zimmer.com.mx\/?page_id=338&#038;lang=en"},"modified":"2023-02-28T19:36:37","modified_gmt":"2023-03-01T01:36:37","slug":"presence","status":"publish","type":"page","link":"https:\/\/omnisource.com.mx\/en\/presence\/","title":{"rendered":"Presence"},"content":{"rendered":"<p>[vc_row][vc_column][vc_column_text]<\/p>\n<h2 style=\"text-align: center;\">We purchase all over Mexico and the United States<\/h2>\n<p>[\/vc_column_text][vc_single_image image=&#8221;548&#8243; img_size=&#8221;full&#8221; alignment=&#8221;center&#8221; css_animation=&#8221;appear&#8221;][\/vc_column][\/vc_row][vc_row full_width=&#8221;stretch_row&#8221; css=&#8221;.vc_custom_1467142857302{background-color: #f9f9f9 !important;}&#8221;][vc_column width=&#8221;1\/3&#8243;]<div id=\"ultimate-heading-51346a096346c6a71\" class=\"uvc-heading ult-adjust-bottom-margin ultimate-heading-51346a096346c6a71 uvc-884 \" data-hspacer=\"line_only\"  data-halign=\"left\" style=\"text-align:left\"><div class=\"uvc-main-heading ult-responsive\"  data-ultimate-target='.uvc-heading.ultimate-heading-51346a096346c6a71 h2'  data-responsive-json-new='{\"font-size\":\"\",\"line-height\":\"\"}' ><h2 style=\"font-family:'Oswald';font-weight:normal;font-style:normal;\">Sales coverage<\/h2><\/div><div class=\"uvc-heading-spacer line_only\" style=\"margin-bottom:30px;height:1px;\"><span class=\"uvc-headings-line\" style=\"border-style:solid;border-bottom-width:1px;border-color:#006600;width:60px;\"><\/span><\/div><\/div>[vc_column_text]We commercialize globally throughout the 5 continents[\/vc_column_text][\/vc_column][vc_column width=&#8221;2\/3&#8243;][vc_single_image image=&#8221;296&#8243; img_size=&#8221;full&#8221; alignment=&#8221;center&#8221; css_animation=&#8221;right-to-left&#8221;][\/vc_column][\/vc_row]<\/p>\n","protected":false},"excerpt":{"rendered":"<p>[vc_row][vc_column][vc_column_text] We purchase all over Mexico and the United States [\/vc_column_text][vc_single_image image=&#8221;548&#8243; img_size=&#8221;full&#8221; alignment=&#8221;center&#8221; css_animation=&#8221;appear&#8221;][\/vc_column][\/vc_row][vc_row&#8230;<\/p>\n","protected":false},"author":2,"featured_media":0,"parent":0,"menu_order":0,"comment_status":"closed","ping_status":"closed","template":"","meta":{"footnotes":""},"class_list":["post-338","page","type-page","status-publish","hentry"],"yoast_head":"<!-- This site is optimized with the Yoast SEO plugin v27.4 - https:\/\/yoast.com\/product\/yoast-seo-wordpress\/ -->\n<title>OmniSource<\/title>\n<meta name=\"description\" content=\"OmniSource Somos l\u00edderes con m\u00e1s de 35 a\u00f1os de experiencia en el servicio de recolecci\u00f3n y compra de scrap a la industria, as\u00ed como en la venta de materiales a nivel mundial.\" \/>\n<meta name=\"robots\" content=\"index, follow, max-snippet:-1, max-image-preview:large, max-video-preview:-1\" \/>\n<link rel=\"canonical\" href=\"https:\/\/omnisource.com.mx\/presencia\/\" \/>\n<meta property=\"og:locale\" content=\"en_US\" \/>\n<meta property=\"og:type\" content=\"article\" \/>\n<meta property=\"og:title\" content=\"OmniSource\" \/>\n<meta property=\"og:description\" content=\"OmniSource Somos l\u00edderes con m\u00e1s de 35 a\u00f1os de experiencia en el servicio de recolecci\u00f3n y compra de scrap a la industria, as\u00ed como en la venta de materiales a nivel mundial.\" \/>\n<meta property=\"og:url\" content=\"https:\/\/omnisource.com.mx\/presencia\/\" \/>\n<meta property=\"og:site_name\" content=\"Zimmer\" \/>\n<meta property=\"article:modified_time\" content=\"2023-03-01T01:36:37+00:00\" \/>\n<meta name=\"twitter:card\" content=\"summary_large_image\" \/>\n<meta name=\"twitter:label1\" content=\"Est. reading time\" \/>\n\t<meta name=\"twitter:data1\" content=\"1 minute\" \/>\n<script type=\"application\/ld+json\" class=\"yoast-schema-graph\">{\"@context\":\"https:\\\/\\\/schema.org\",\"@graph\":[{\"@type\":\"WebPage\",\"@id\":\"https:\\\/\\\/omnisource.com.mx\\\/presencia\\\/\",\"url\":\"https:\\\/\\\/omnisource.com.mx\\\/presencia\\\/\",\"name\":\"OmniSource\",\"isPartOf\":{\"@id\":\"https:\\\/\\\/omnisource.com.mx\\\/#website\"},\"datePublished\":\"2016-06-28T17:43:56+00:00\",\"dateModified\":\"2023-03-01T01:36:37+00:00\",\"description\":\"OmniSource Somos l\u00edderes con m\u00e1s de 35 a\u00f1os de experiencia en el servicio de recolecci\u00f3n y compra de scrap a la industria, as\u00ed como en la venta de materiales a nivel mundial.\",\"breadcrumb\":{\"@id\":\"https:\\\/\\\/omnisource.com.mx\\\/presencia\\\/#breadcrumb\"},\"inLanguage\":\"en-US\",\"potentialAction\":[{\"@type\":\"ReadAction\",\"target\":[\"https:\\\/\\\/omnisource.com.mx\\\/presencia\\\/\"]}]},{\"@type\":\"BreadcrumbList\",\"@id\":\"https:\\\/\\\/omnisource.com.mx\\\/presencia\\\/#breadcrumb\",\"itemListElement\":[{\"@type\":\"ListItem\",\"position\":1,\"name\":\"Portada\",\"item\":\"https:\\\/\\\/omnisource.com.mx\\\/en\\\/\"},{\"@type\":\"ListItem\",\"position\":2,\"name\":\"Presence\"}]},{\"@type\":\"WebSite\",\"@id\":\"https:\\\/\\\/omnisource.com.mx\\\/#website\",\"url\":\"https:\\\/\\\/omnisource.com.mx\\\/\",\"name\":\"Zimmer\",\"description\":\"Recycling\",\"potentialAction\":[{\"@type\":\"SearchAction\",\"target\":{\"@type\":\"EntryPoint\",\"urlTemplate\":\"https:\\\/\\\/omnisource.com.mx\\\/?s={search_term_string}\"},\"query-input\":{\"@type\":\"PropertyValueSpecification\",\"valueRequired\":true,\"valueName\":\"search_term_string\"}}],\"inLanguage\":\"en-US\"}]}<\/script>\n<!-- \/ Yoast SEO plugin. -->","yoast_head_json":{"title":"OmniSource","description":"OmniSource Somos l\u00edderes con m\u00e1s de 35 a\u00f1os de experiencia en el servicio de recolecci\u00f3n y compra de scrap a la industria, as\u00ed como en la venta de materiales a nivel mundial.","robots":{"index":"index","follow":"follow","max-snippet":"max-snippet:-1","max-image-preview":"max-image-preview:large","max-video-preview":"max-video-preview:-1"},"canonical":"https:\/\/omnisource.com.mx\/presencia\/","og_locale":"en_US","og_type":"article","og_title":"OmniSource","og_description":"OmniSource Somos l\u00edderes con m\u00e1s de 35 a\u00f1os de experiencia en el servicio de recolecci\u00f3n y compra de scrap a la industria, as\u00ed como en la venta de materiales a nivel mundial.","og_url":"https:\/\/omnisource.com.mx\/presencia\/","og_site_name":"Zimmer","article_modified_time":"2023-03-01T01:36:37+00:00","twitter_card":"summary_large_image","twitter_misc":{"Est. reading time":"1 minute"},"schema":{"@context":"https:\/\/schema.org","@graph":[{"@type":"WebPage","@id":"https:\/\/omnisource.com.mx\/presencia\/","url":"https:\/\/omnisource.com.mx\/presencia\/","name":"OmniSource","isPartOf":{"@id":"https:\/\/omnisource.com.mx\/#website"},"datePublished":"2016-06-28T17:43:56+00:00","dateModified":"2023-03-01T01:36:37+00:00","description":"OmniSource Somos l\u00edderes con m\u00e1s de 35 a\u00f1os de experiencia en el servicio de recolecci\u00f3n y compra de scrap a la industria, as\u00ed como en la venta de materiales a nivel mundial.","breadcrumb":{"@id":"https:\/\/omnisource.com.mx\/presencia\/#breadcrumb"},"inLanguage":"en-US","potentialAction":[{"@type":"ReadAction","target":["https:\/\/omnisource.com.mx\/presencia\/"]}]},{"@type":"BreadcrumbList","@id":"https:\/\/omnisource.com.mx\/presencia\/#breadcrumb","itemListElement":[{"@type":"ListItem","position":1,"name":"Portada","item":"https:\/\/omnisource.com.mx\/en\/"},{"@type":"ListItem","position":2,"name":"Presence"}]},{"@type":"WebSite","@id":"https:\/\/omnisource.com.mx\/#website","url":"https:\/\/omnisource.com.mx\/","name":"Zimmer","description":"Recycling","potentialAction":[{"@type":"SearchAction","target":{"@type":"EntryPoint","urlTemplate":"https:\/\/omnisource.com.mx\/?s={search_term_string}"},"query-input":{"@type":"PropertyValueSpecification","valueRequired":true,"valueName":"search_term_string"}}],"inLanguage":"en-US"}]}},"_links":{"self":[{"href":"https:\/\/omnisource.com.mx\/en\/wp-json\/wp\/v2\/pages\/338","targetHints":{"allow":["GET"]}}],"collection":[{"href":"https:\/\/omnisource.com.mx\/en\/wp-json\/wp\/v2\/pages"}],"about":[{"href":"https:\/\/omnisource.com.mx\/en\/wp-json\/wp\/v2\/types\/page"}],"author":[{"embeddable":true,"href":"https:\/\/omnisource.com.mx\/en\/wp-json\/wp\/v2\/users\/2"}],"replies":[{"embeddable":true,"href":"https:\/\/omnisource.com.mx\/en\/wp-json\/wp\/v2\/comments?post=338"}],"version-history":[{"count":8,"href":"https:\/\/omnisource.com.mx\/en\/wp-json\/wp\/v2\/pages\/338\/revisions"}],"predecessor-version":[{"id":695,"href":"https:\/\/omnisource.com.mx\/en\/wp-json\/wp\/v2\/pages\/338\/revisions\/695"}],"wp:attachment":[{"href":"https:\/\/omnisource.com.mx\/en\/wp-json\/wp\/v2\/media?parent=338"}],"curies":[{"name":"wp","href":"https:\/\/api.w.org\/{rel}","templated":true}]}}