{"id":356,"date":"2016-08-10T18:06:45","date_gmt":"2016-08-10T23:06:45","guid":{"rendered":"http:\/\/www.zimmer.com.mx\/?page_id=356&#038;lang=en"},"modified":"2023-02-28T19:56:54","modified_gmt":"2023-03-01T01:56:54","slug":"sales-of-raw-materials","status":"publish","type":"page","link":"https:\/\/omnisource.com.mx\/en\/sales-of-raw-materials\/","title":{"rendered":"Sales of raw materials"},"content":{"rendered":"<p>[vc_row][vc_column]<div id=\"ultimate-heading-113569f231255261d\" class=\"uvc-heading ult-adjust-bottom-margin ultimate-heading-113569f231255261d uvc-5552 \" data-hspacer=\"line_only\"  data-halign=\"center\" style=\"text-align:center\"><div class=\"uvc-sub-heading ult-responsive\"  data-ultimate-target='.uvc-heading.ultimate-heading-113569f231255261d .uvc-sub-heading '  data-responsive-json-new='{\"font-size\":\"desktop:18px;\",\"line-height\":\"desktop:24px;\"}'  style=\"font-family:'Arimo';font-style:italic;font-weight:normal;font-style:normal;\">At Zimmer we sell scrap metal and plastic, we ship anywhere in the world by land (Rail or Truckload) and sea.<\/div><div class=\"uvc-heading-spacer line_only\" style=\"margin-top:20px;margin-bottom:20px;height:1px;\"><span class=\"uvc-headings-line\" style=\"border-style:solid;border-bottom-width:1px;border-color:#006600;width:80px;\"><\/span><\/div><\/div>[\/vc_column][\/vc_row][vc_row][vc_column width=&#8221;1\/3&#8243;]<div class=\"flip-box-wrap\" style=\"\"><div class=\"flip-box ifb-jq-height rounded-icon horizontal_flip_right flip-ifb-jq-height\" data-animation=\"\" data-animation-delay=\"03\" style=\"\" ><div class=\"ifb-flip-box\" id=\"flip-box-wrap-4886\"><div class=\"ifb-face ifb-front \" style=\"color:#006600;background:#efefef;  border-color:#A4A4A4;\">\n\t\t\t\t\t\t\t<div class=\"ifb-flip-box-section ifb-flip-box-section-vertical-middle\">\n\t\t\t\t\t\t\t<div class=\"flip-box-icon\"><div class=\"ult-just-icon-wrapper  \"><div class=\"align-icon\" style=\"text-align:center;\">\n<div class=\"aio-icon-img \" style=\"font-size:200px;display:inline-block;\" >\n\t<img decoding=\"async\" class=\"img-icon\" alt=\"null\" src=\"https:\/\/omnisource.com.mx\/wp-content\/uploads\/2016\/06\/zimmer-materias-primas-acero-metales.jpg\"\/>\n<\/div><\/div><\/div><\/div><h3 class=\"ult-responsive\"  data-ultimate-target='#flip-box-wrap-4886 h3.ult-responsive'  data-responsive-json-new='{\"font-size\":\"desktop:18px;\",\"line-height\":\"\"}'  style=\"color:#006600; font-family:'Oswald';\">Iron<\/h3><\/div><\/div><!-- END .front -->\n\t\t\t\t\t\t<div class=\"ifb-face ifb-back\" style=\"color:#333333;background:#efefef;  border-color:#A4A4A4;\">\n\t\t\t\t\t\t\t<div class=\"ifb-flip-box-section ifb-flip-box-section-vertical-middle\"><h3 class=\"ult-responsive\"  data-ultimate-target='#flip-box-wrap-4886 h3.ult-responsive'  data-responsive-json-new='{\"font-size\":\"desktop:18px;\",\"line-height\":\"\"}'  style=\"color:#333333; font-family:'Oswald';\">Iron<\/h3><div class=\"ifb-flip-box-section-content ult-responsive\"  data-ultimate-target='#flip-box-wrap-4886 .ult-responsive'  data-responsive-json-new='{\"font-size\":\"\",\"line-height\":\"\"}'  style=\"color:#333333;\"><p>\u2022 Iron<br \/>\n\u2022 Busheling<br \/>\n\u2022 Metal plate and structures<br \/>\n\u2022 First and secondary<br \/>\n\u2022 Gray and ductile iron<br \/>\n\u2022 Turnings<br \/>\n\u2022 Foundry Busheling<\/p><\/div><\/div><\/div><!-- END .back --><\/div> <!-- ifb-flip-box --><\/div> <!-- flip-box --><\/div><!-- End icon block -->[\/vc_column][vc_column width=&#8221;1\/3&#8243;]<div class=\"flip-box-wrap\" style=\"\"><div class=\"flip-box ifb-jq-height rounded-icon horizontal_flip_right flip-ifb-jq-height\" data-animation=\"\" data-animation-delay=\"03\" style=\"\" ><div class=\"ifb-flip-box\" id=\"flip-box-wrap-7880\"><div class=\"ifb-face ifb-front \" style=\"color:#006600;background:#efefef;  border-color:#A4A4A4;\">\n\t\t\t\t\t\t\t<div class=\"ifb-flip-box-section ifb-flip-box-section-vertical-middle\">\n\t\t\t\t\t\t\t<div class=\"flip-box-icon\"><div class=\"ult-just-icon-wrapper  \"><div class=\"align-icon\" style=\"text-align:center;\">\n<div class=\"aio-icon-img \" style=\"font-size:200px;display:inline-block;\" >\n\t<img decoding=\"async\" class=\"img-icon\" alt=\"null\" src=\"https:\/\/omnisource.com.mx\/wp-content\/uploads\/2016\/06\/zimmer-materias-primas-acero-inoxidable.jpg\"\/>\n<\/div><\/div><\/div><\/div><h3 class=\"ult-responsive\"  data-ultimate-target='#flip-box-wrap-7880 h3.ult-responsive'  data-responsive-json-new='{\"font-size\":\"desktop:18px;\",\"line-height\":\"\"}'  style=\"color:#006600; font-family:'Oswald';\">Stainless steel<\/h3><\/div><\/div><!-- END .front -->\n\t\t\t\t\t\t<div class=\"ifb-face ifb-back\" style=\"color:#333333;background:#efefef;  border-color:#A4A4A4;\">\n\t\t\t\t\t\t\t<div class=\"ifb-flip-box-section ifb-flip-box-section-vertical-middle\"><h3 class=\"ult-responsive\"  data-ultimate-target='#flip-box-wrap-7880 h3.ult-responsive'  data-responsive-json-new='{\"font-size\":\"desktop:18px;\",\"line-height\":\"\"}'  style=\"color:#333333; font-family:'Oswald';\">Stainless steel<\/h3><div class=\"ifb-flip-box-section-content ult-responsive\"  data-ultimate-target='#flip-box-wrap-7880 .ult-responsive'  data-responsive-json-new='{\"font-size\":\"\",\"line-height\":\"\"}'  style=\"color:#333333;\"><p>\u2022 304 die and burr<br \/>\n\u2022 316 die and burr<br \/>\n\u2022 400 steel die and burr<br \/>\n\u2022 409 steel die and burr<br \/>\n\u2022 430 steel die and burr<br \/>\n\u2022 Incoloy 800<br \/>\n\u2022 Incoloy 840<br \/>\n\u2022 High nickel content alloys<\/p><\/div><\/div><\/div><!-- END .back --><\/div> <!-- ifb-flip-box --><\/div> <!-- flip-box --><\/div><!-- End icon block -->[\/vc_column][vc_column width=&#8221;1\/3&#8243;]<div class=\"flip-box-wrap\" style=\"\"><div class=\"flip-box ifb-jq-height rounded-icon horizontal_flip_right flip-ifb-jq-height\" data-animation=\"\" data-animation-delay=\"03\" style=\"\" ><div class=\"ifb-flip-box\" id=\"flip-box-wrap-6153\"><div class=\"ifb-face ifb-front \" style=\"color:#006600;background:#efefef;  border-color:#A4A4A4;\">\n\t\t\t\t\t\t\t<div class=\"ifb-flip-box-section ifb-flip-box-section-vertical-middle\">\n\t\t\t\t\t\t\t<div class=\"flip-box-icon\"><div class=\"ult-just-icon-wrapper  \"><div class=\"align-icon\" style=\"text-align:center;\">\n<div class=\"aio-icon-img \" style=\"font-size:200px;display:inline-block;\" >\n\t<img decoding=\"async\" class=\"img-icon\" alt=\"null\" src=\"https:\/\/omnisource.com.mx\/wp-content\/uploads\/2016\/06\/zimmer-materias-primas-aluminio.jpg\"\/>\n<\/div><\/div><\/div><\/div><h3 class=\"ult-responsive\"  data-ultimate-target='#flip-box-wrap-6153 h3.ult-responsive'  data-responsive-json-new='{\"font-size\":\"desktop:18px;\",\"line-height\":\"\"}'  style=\"color:#006600; font-family:'Oswald';\">Aluminum<\/h3><\/div><\/div><!-- END .front -->\n\t\t\t\t\t\t<div class=\"ifb-face ifb-back\" style=\"color:#333333;background:#efefef;  border-color:#A4A4A4;\">\n\t\t\t\t\t\t\t<div class=\"ifb-flip-box-section ifb-flip-box-section-vertical-middle\"><h3 class=\"ult-responsive\"  data-ultimate-target='#flip-box-wrap-6153 h3.ult-responsive'  data-responsive-json-new='{\"font-size\":\"desktop:18px;\",\"line-height\":\"\"}'  style=\"color:#333333; font-family:'Oswald';\">Aluminum<\/h3><div class=\"ifb-flip-box-section-content ult-responsive\"  data-ultimate-target='#flip-box-wrap-6153 .ult-responsive'  data-responsive-json-new='{\"font-size\":\"\",\"line-height\":\"\"}'  style=\"color:#333333;\"><p>\u2022 Aluminum<br \/>\n\u2022 1100 die and turnings<br \/>\n\u2022 3003<br \/>\n\u2022 5052<br \/>\n\u2022 Burr<br \/>\n\u2022 Slags<br \/>\n\u2022 6063<br \/>\n\u2022 6061<br \/>\n\u2022 Aluminum radiator<br \/>\n\u2022 Aluminum \/ copper radiator<br \/>\n\u2022 Thick aluminum<br \/>\n\u2022 Slim aluminum<\/p><\/div><\/div><\/div><!-- END .back --><\/div> <!-- ifb-flip-box --><\/div> <!-- flip-box --><\/div><!-- End icon block -->[\/vc_column][\/vc_row][vc_row][vc_column width=&#8221;1\/3&#8243;]<div class=\"flip-box-wrap\" style=\"\"><div class=\"flip-box ifb-jq-height rounded-icon horizontal_flip_right flip-ifb-jq-height\" data-animation=\"\" data-animation-delay=\"03\" style=\"\" ><div class=\"ifb-flip-box\" id=\"flip-box-wrap-4530\"><div class=\"ifb-face ifb-front \" style=\"color:#006600;background:#efefef;  border-color:#A4A4A4;\">\n\t\t\t\t\t\t\t<div class=\"ifb-flip-box-section ifb-flip-box-section-vertical-middle\">\n\t\t\t\t\t\t\t<div class=\"flip-box-icon\"><div class=\"ult-just-icon-wrapper  \"><div class=\"align-icon\" style=\"text-align:center;\">\n<div class=\"aio-icon-img \" style=\"font-size:200px;display:inline-block;\" >\n\t<img decoding=\"async\" class=\"img-icon\" alt=\"null\" src=\"https:\/\/omnisource.com.mx\/wp-content\/uploads\/2016\/06\/zimmer-materias-primas-bronce.jpg\"\/>\n<\/div><\/div><\/div><\/div><h3 class=\"ult-responsive\"  data-ultimate-target='#flip-box-wrap-4530 h3.ult-responsive'  data-responsive-json-new='{\"font-size\":\"desktop:18px;\",\"line-height\":\"\"}'  style=\"color:#006600; font-family:'Oswald';\">Copper and bronze<\/h3><\/div><\/div><!-- END .front -->\n\t\t\t\t\t\t<div class=\"ifb-face ifb-back\" style=\"color:#333333;background:#efefef;  border-color:#A4A4A4;\">\n\t\t\t\t\t\t\t<div class=\"ifb-flip-box-section ifb-flip-box-section-vertical-middle\"><h3 class=\"ult-responsive\"  data-ultimate-target='#flip-box-wrap-4530 h3.ult-responsive'  data-responsive-json-new='{\"font-size\":\"desktop:18px;\",\"line-height\":\"\"}'  style=\"color:#333333; font-family:'Oswald';\">Copper and bronze<\/h3><div class=\"ifb-flip-box-section-content ult-responsive\"  data-ultimate-target='#flip-box-wrap-4530 .ult-responsive'  data-responsive-json-new='{\"font-size\":\"\",\"line-height\":\"\"}'  style=\"color:#333333;\"><p>\u2022 Copper #1<br \/>\n\u2022 Copper #2<br \/>\n\u2022 Yellow bronze<br \/>\n\u2022 Burr<br \/>\n\u2022 Brasses<br \/>\n\u2022 Special alloy copper<\/p><\/div><\/div><\/div><!-- END .back --><\/div> <!-- ifb-flip-box --><\/div> <!-- flip-box --><\/div><!-- End icon block -->[\/vc_column][vc_column width=&#8221;1\/3&#8243;]<div class=\"flip-box-wrap\" style=\"\"><div class=\"flip-box ifb-jq-height rounded-icon horizontal_flip_right flip-ifb-jq-height\" data-animation=\"\" data-animation-delay=\"03\" style=\"\" ><div class=\"ifb-flip-box\" id=\"flip-box-wrap-9831\"><div class=\"ifb-face ifb-front \" style=\"color:#006600;background:#efefef;  border-color:#A4A4A4;\">\n\t\t\t\t\t\t\t<div class=\"ifb-flip-box-section ifb-flip-box-section-vertical-middle\">\n\t\t\t\t\t\t\t<div class=\"flip-box-icon\"><div class=\"ult-just-icon-wrapper  \"><div class=\"align-icon\" style=\"text-align:center;\">\n<div class=\"aio-icon-img \" style=\"font-size:200px;display:inline-block;\" >\n\t<img decoding=\"async\" class=\"img-icon\" alt=\"null\" src=\"https:\/\/omnisource.com.mx\/wp-content\/uploads\/2016\/06\/zimmer-materias-primas-otros-metales.jpg\"\/>\n<\/div><\/div><\/div><\/div><h3 class=\"ult-responsive\"  data-ultimate-target='#flip-box-wrap-9831 h3.ult-responsive'  data-responsive-json-new='{\"font-size\":\"desktop:18px;\",\"line-height\":\"\"}'  style=\"color:#006600; font-family:'Oswald';\">Other metals<\/h3><\/div><\/div><!-- END .front -->\n\t\t\t\t\t\t<div class=\"ifb-face ifb-back\" style=\"color:#333333;background:#efefef;  border-color:#A4A4A4;\">\n\t\t\t\t\t\t\t<div class=\"ifb-flip-box-section ifb-flip-box-section-vertical-middle\"><h3 class=\"ult-responsive\"  data-ultimate-target='#flip-box-wrap-9831 h3.ult-responsive'  data-responsive-json-new='{\"font-size\":\"desktop:18px;\",\"line-height\":\"\"}'  style=\"color:#333333; font-family:'Oswald';\">Other metals<\/h3><div class=\"ifb-flip-box-section-content ult-responsive\"  data-ultimate-target='#flip-box-wrap-9831 .ult-responsive'  data-responsive-json-new='{\"font-size\":\"\",\"line-height\":\"\"}'  style=\"color:#333333;\"><p>\u2022 Magnesium<br \/>\n\u2022 Antimony<br \/>\n\u2022 Titanium<\/p><\/div><\/div><\/div><!-- END .back --><\/div> <!-- ifb-flip-box --><\/div> <!-- flip-box --><\/div><!-- End icon block -->[\/vc_column][vc_column width=&#8221;1\/3&#8243;]<div class=\"flip-box-wrap\" style=\"\"><div class=\"flip-box ifb-jq-height rounded-icon horizontal_flip_right flip-ifb-jq-height\" data-animation=\"\" data-animation-delay=\"03\" style=\"\" ><div class=\"ifb-flip-box\" id=\"flip-box-wrap-2910\"><div class=\"ifb-face ifb-front \" style=\"color:#006600;background:#efefef;  border-color:#A4A4A4;\">\n\t\t\t\t\t\t\t<div class=\"ifb-flip-box-section ifb-flip-box-section-vertical-middle\">\n\t\t\t\t\t\t\t<div class=\"flip-box-icon\"><div class=\"ult-just-icon-wrapper  \"><div class=\"align-icon\" style=\"text-align:center;\">\n<div class=\"aio-icon-img \" style=\"font-size:200px;display:inline-block;\" >\n\t<img decoding=\"async\" class=\"img-icon\" alt=\"null\" src=\"https:\/\/omnisource.com.mx\/wp-content\/uploads\/2016\/06\/zimmer-materias-primas-zinc.jpg\"\/>\n<\/div><\/div><\/div><\/div><h3 class=\"ult-responsive\"  data-ultimate-target='#flip-box-wrap-2910 h3.ult-responsive'  data-responsive-json-new='{\"font-size\":\"desktop:18px;\",\"line-height\":\"\"}'  style=\"color:#006600; font-family:'Oswald';\">Zinc<\/h3><\/div><\/div><!-- END .front -->\n\t\t\t\t\t\t<div class=\"ifb-face ifb-back\" style=\"color:#333333;background:#efefef;  border-color:#A4A4A4;\">\n\t\t\t\t\t\t\t<div class=\"ifb-flip-box-section ifb-flip-box-section-vertical-middle\"><h3 class=\"ult-responsive\"  data-ultimate-target='#flip-box-wrap-2910 h3.ult-responsive'  data-responsive-json-new='{\"font-size\":\"desktop:18px;\",\"line-height\":\"\"}'  style=\"color:#333333; font-family:'Oswald';\">Zinc<\/h3><div class=\"ifb-flip-box-section-content ult-responsive\"  data-ultimate-target='#flip-box-wrap-2910 .ult-responsive'  data-responsive-json-new='{\"font-size\":\"\",\"line-height\":\"\"}'  style=\"color:#333333;\"><p>\u2022 Soil<br \/>\n\u2022 Slag<br \/>\n\u2022 Powders<\/p><\/div><\/div><\/div><!-- END .back --><\/div> <!-- ifb-flip-box --><\/div> <!-- flip-box --><\/div><!-- End icon block -->[\/vc_column][\/vc_row][vc_row equal_height=&#8221;yes&#8221;][vc_column width=&#8221;1\/2&#8243;]<div class=\"flip-box-wrap\" style=\"\"><div class=\"flip-box ifb-custom-height rounded-icon horizontal_flip_right flip-box-custom-height flip-ifb-custom-height\" data-animation=\"\" data-animation-delay=\"03\" style=\"\"  data-min-height='450px'><div class=\"ifb-flip-box\" id=\"flip-box-wrap-3762\"><div class=\"ifb-face ifb-front \" style=\"color:#006600;background:#efefef;  border-color:#A4A4A4;\">\n\t\t\t\t\t\t\t<div class=\"ifb-flip-box-section ifb-flip-box-section-vertical-middle\">\n\t\t\t\t\t\t\t<div class=\"flip-box-icon\"><div class=\"ult-just-icon-wrapper  \"><div class=\"align-icon\" style=\"text-align:center;\">\n<div class=\"aio-icon-img \" style=\"font-size:200px;display:inline-block;\" >\n\t<img decoding=\"async\" class=\"img-icon\" alt=\"null\" src=\"https:\/\/omnisource.com.mx\/wp-content\/uploads\/2016\/06\/zimmer-materias-primas-plasticos.jpg\"\/>\n<\/div><\/div><\/div><\/div><h3 class=\"ult-responsive\"  data-ultimate-target='#flip-box-wrap-3762 h3.ult-responsive'  data-responsive-json-new='{\"font-size\":\"desktop:18px;\",\"line-height\":\"\"}'  style=\"color:#006600; font-family:'Oswald';\">Plastics<\/h3><\/div><\/div><!-- END .front -->\n\t\t\t\t\t\t<div class=\"ifb-face ifb-back\" style=\"color:#333333;background:#efefef;  border-color:#A4A4A4;\">\n\t\t\t\t\t\t\t<div class=\"ifb-flip-box-section ifb-flip-box-section-vertical-middle\"><h3 class=\"ult-responsive\"  data-ultimate-target='#flip-box-wrap-3762 h3.ult-responsive'  data-responsive-json-new='{\"font-size\":\"desktop:18px;\",\"line-height\":\"\"}'  style=\"color:#333333; font-family:'Oswald';\">Plastics<\/h3><div class=\"ifb-flip-box-section-content ult-responsive\"  data-ultimate-target='#flip-box-wrap-3762 .ult-responsive'  data-responsive-json-new='{\"font-size\":\"\",\"line-height\":\"\"}'  style=\"color:#333333;\"><p>\u2022 ABS<br \/>\n\u2022 ABS \/ PC<br \/>\n\u2022 Acrylic<br \/>\n\u2022 Acetal<br \/>\n\u2022 HIPS<br \/>\n\u2022 Nylon 6 (PA6)<br \/>\n\u2022 Nylon 12 (PA12)<br \/>\n\u2022 PPA<br \/>\n\u2022 PET<br \/>\n\u2022 PBT<br \/>\n\u2022 PC<br \/>\n\u2022 PE<br \/>\n\u2022 PP<br \/>\n\u2022 PS<br \/>\n\u2022 PVC (rigid and flexible)<br \/>\n\u2022 SAN<br \/>\n\u2022 LDPE<br \/>\n\u2022 HDPE<\/p><\/div><\/div><\/div><!-- END .back --><\/div> <!-- ifb-flip-box --><\/div> <!-- flip-box --><\/div><!-- End icon block -->[\/vc_column][vc_column width=&#8221;1\/2&#8243;]<div class=\"flip-box-wrap\" style=\"\"><div class=\"flip-box ifb-custom-height rounded-icon horizontal_flip_right flip-box-custom-height flip-ifb-custom-height\" data-animation=\"\" data-animation-delay=\"03\" style=\"\"  data-min-height='450px'><div class=\"ifb-flip-box\" id=\"flip-box-wrap-8120\"><div class=\"ifb-face ifb-front \" style=\"color:#006600;background:#efefef;  border-color:#A4A4A4;\">\n\t\t\t\t\t\t\t<div class=\"ifb-flip-box-section ifb-flip-box-section-vertical-middle\">\n\t\t\t\t\t\t\t<div class=\"flip-box-icon\"><div class=\"ult-just-icon-wrapper  \"><div class=\"align-icon\" style=\"text-align:center;\">\n<div class=\"aio-icon-img \" style=\"font-size:200px;display:inline-block;\" >\n\t<img decoding=\"async\" class=\"img-icon\" alt=\"null\" src=\"https:\/\/omnisource.com.mx\/wp-content\/uploads\/2016\/06\/zimmer-materias-primas-carton.jpg\"\/>\n<\/div><\/div><\/div><\/div><h3 class=\"ult-responsive\"  data-ultimate-target='#flip-box-wrap-8120 h3.ult-responsive'  data-responsive-json-new='{\"font-size\":\"desktop:18px;\",\"line-height\":\"\"}'  style=\"color:#006600; font-family:'Oswald';\">Cardboard<\/h3><\/div><\/div><!-- END .front -->\n\t\t\t\t\t\t<div class=\"ifb-face ifb-back\" style=\"color:#333333;background:#efefef;  border-color:#A4A4A4;\">\n\t\t\t\t\t\t\t<div class=\"ifb-flip-box-section ifb-flip-box-section-vertical-middle\"><h3 class=\"ult-responsive\"  data-ultimate-target='#flip-box-wrap-8120 h3.ult-responsive'  data-responsive-json-new='{\"font-size\":\"desktop:18px;\",\"line-height\":\"\"}'  style=\"color:#333333; font-family:'Oswald';\">Cardboard<\/h3><div class=\"ifb-flip-box-section-content ult-responsive\"  data-ultimate-target='#flip-box-wrap-8120 .ult-responsive'  data-responsive-json-new='{\"font-size\":\"\",\"line-height\":\"\"}'  style=\"color:#333333;\"><p>\u2022 American<br \/>\n\u2022 Local<br \/>\n\u2022 Mixed<br \/>\n\u2022 Oriental<\/p><\/div><\/div><\/div><!-- END .back --><\/div> <!-- ifb-flip-box --><\/div> <!-- flip-box --><\/div><!-- End icon block -->[\/vc_column][\/vc_row]<\/p>\n","protected":false},"excerpt":{"rendered":"<p>[vc_row][vc_column][\/vc_column][\/vc_row][vc_row][vc_column width=&#8221;1\/3&#8243;][\/vc_column][vc_column width=&#8221;1\/3&#8243;][\/vc_column][vc_column width=&#8221;1\/3&#8243;][\/vc_column][\/vc_row][vc_row][vc_column width=&#8221;1\/3&#8243;][\/vc_column][vc_column width=&#8221;1\/3&#8243;][\/vc_column][vc_column width=&#8221;1\/3&#8243;][\/vc_column][\/vc_row][vc_row equal_height=&#8221;yes&#8221;][vc_column width=&#8221;1\/2&#8243;][\/vc_column][vc_column width=&#8221;1\/2&#8243;][\/vc_column][\/vc_row]<\/p>\n","protected":false},"author":2,"featured_media":0,"parent":0,"menu_order":0,"comment_status":"closed","ping_status":"closed","template":"","meta":{"footnotes":""},"class_list":["post-356","page","type-page","status-publish","hentry"],"yoast_head":"<!-- This site is optimized with the Yoast SEO plugin v27.4 - https:\/\/yoast.com\/product\/yoast-seo-wordpress\/ -->\n<title>OmniSource<\/title>\n<meta name=\"description\" content=\"OmniSource Somos l\u00edderes con m\u00e1s de 35 a\u00f1os de experiencia en el servicio de recolecci\u00f3n y compra de scrap a la industria, as\u00ed como en la venta de materiales a nivel mundial.\" \/>\n<meta name=\"robots\" content=\"index, follow, max-snippet:-1, max-image-preview:large, max-video-preview:-1\" \/>\n<link rel=\"canonical\" href=\"https:\/\/omnisource.com.mx\/venta-de-materia-prima\/\" \/>\n<meta property=\"og:locale\" content=\"en_US\" \/>\n<meta property=\"og:type\" content=\"article\" \/>\n<meta property=\"og:title\" content=\"OmniSource\" \/>\n<meta property=\"og:description\" content=\"OmniSource Somos l\u00edderes con m\u00e1s de 35 a\u00f1os de experiencia en el servicio de recolecci\u00f3n y compra de scrap a la industria, as\u00ed como en la venta de materiales a nivel mundial.\" \/>\n<meta property=\"og:url\" content=\"https:\/\/omnisource.com.mx\/venta-de-materia-prima\/\" \/>\n<meta property=\"og:site_name\" content=\"Zimmer\" \/>\n<meta property=\"article:modified_time\" content=\"2023-03-01T01:56:54+00:00\" \/>\n<meta name=\"twitter:card\" content=\"summary_large_image\" \/>\n<meta name=\"twitter:label1\" content=\"Est. reading time\" \/>\n\t<meta name=\"twitter:data1\" content=\"4 minutes\" \/>\n<script type=\"application\/ld+json\" class=\"yoast-schema-graph\">{\"@context\":\"https:\\\/\\\/schema.org\",\"@graph\":[{\"@type\":\"WebPage\",\"@id\":\"https:\\\/\\\/omnisource.com.mx\\\/venta-de-materia-prima\\\/\",\"url\":\"https:\\\/\\\/omnisource.com.mx\\\/venta-de-materia-prima\\\/\",\"name\":\"OmniSource\",\"isPartOf\":{\"@id\":\"https:\\\/\\\/omnisource.com.mx\\\/#website\"},\"datePublished\":\"2016-08-10T23:06:45+00:00\",\"dateModified\":\"2023-03-01T01:56:54+00:00\",\"description\":\"OmniSource Somos l\u00edderes con m\u00e1s de 35 a\u00f1os de experiencia en el servicio de recolecci\u00f3n y compra de scrap a la industria, as\u00ed como en la venta de materiales a nivel mundial.\",\"breadcrumb\":{\"@id\":\"https:\\\/\\\/omnisource.com.mx\\\/venta-de-materia-prima\\\/#breadcrumb\"},\"inLanguage\":\"en-US\",\"potentialAction\":[{\"@type\":\"ReadAction\",\"target\":[\"https:\\\/\\\/omnisource.com.mx\\\/venta-de-materia-prima\\\/\"]}]},{\"@type\":\"BreadcrumbList\",\"@id\":\"https:\\\/\\\/omnisource.com.mx\\\/venta-de-materia-prima\\\/#breadcrumb\",\"itemListElement\":[{\"@type\":\"ListItem\",\"position\":1,\"name\":\"Portada\",\"item\":\"https:\\\/\\\/omnisource.com.mx\\\/en\\\/\"},{\"@type\":\"ListItem\",\"position\":2,\"name\":\"Sales of raw materials\"}]},{\"@type\":\"WebSite\",\"@id\":\"https:\\\/\\\/omnisource.com.mx\\\/#website\",\"url\":\"https:\\\/\\\/omnisource.com.mx\\\/\",\"name\":\"Zimmer\",\"description\":\"Recycling\",\"potentialAction\":[{\"@type\":\"SearchAction\",\"target\":{\"@type\":\"EntryPoint\",\"urlTemplate\":\"https:\\\/\\\/omnisource.com.mx\\\/?s={search_term_string}\"},\"query-input\":{\"@type\":\"PropertyValueSpecification\",\"valueRequired\":true,\"valueName\":\"search_term_string\"}}],\"inLanguage\":\"en-US\"}]}<\/script>\n<!-- \/ Yoast SEO plugin. -->","yoast_head_json":{"title":"OmniSource","description":"OmniSource Somos l\u00edderes con m\u00e1s de 35 a\u00f1os de experiencia en el servicio de recolecci\u00f3n y compra de scrap a la industria, as\u00ed como en la venta de materiales a nivel mundial.","robots":{"index":"index","follow":"follow","max-snippet":"max-snippet:-1","max-image-preview":"max-image-preview:large","max-video-preview":"max-video-preview:-1"},"canonical":"https:\/\/omnisource.com.mx\/venta-de-materia-prima\/","og_locale":"en_US","og_type":"article","og_title":"OmniSource","og_description":"OmniSource Somos l\u00edderes con m\u00e1s de 35 a\u00f1os de experiencia en el servicio de recolecci\u00f3n y compra de scrap a la industria, as\u00ed como en la venta de materiales a nivel mundial.","og_url":"https:\/\/omnisource.com.mx\/venta-de-materia-prima\/","og_site_name":"Zimmer","article_modified_time":"2023-03-01T01:56:54+00:00","twitter_card":"summary_large_image","twitter_misc":{"Est. reading time":"4 minutes"},"schema":{"@context":"https:\/\/schema.org","@graph":[{"@type":"WebPage","@id":"https:\/\/omnisource.com.mx\/venta-de-materia-prima\/","url":"https:\/\/omnisource.com.mx\/venta-de-materia-prima\/","name":"OmniSource","isPartOf":{"@id":"https:\/\/omnisource.com.mx\/#website"},"datePublished":"2016-08-10T23:06:45+00:00","dateModified":"2023-03-01T01:56:54+00:00","description":"OmniSource Somos l\u00edderes con m\u00e1s de 35 a\u00f1os de experiencia en el servicio de recolecci\u00f3n y compra de scrap a la industria, as\u00ed como en la venta de materiales a nivel mundial.","breadcrumb":{"@id":"https:\/\/omnisource.com.mx\/venta-de-materia-prima\/#breadcrumb"},"inLanguage":"en-US","potentialAction":[{"@type":"ReadAction","target":["https:\/\/omnisource.com.mx\/venta-de-materia-prima\/"]}]},{"@type":"BreadcrumbList","@id":"https:\/\/omnisource.com.mx\/venta-de-materia-prima\/#breadcrumb","itemListElement":[{"@type":"ListItem","position":1,"name":"Portada","item":"https:\/\/omnisource.com.mx\/en\/"},{"@type":"ListItem","position":2,"name":"Sales of raw materials"}]},{"@type":"WebSite","@id":"https:\/\/omnisource.com.mx\/#website","url":"https:\/\/omnisource.com.mx\/","name":"Zimmer","description":"Recycling","potentialAction":[{"@type":"SearchAction","target":{"@type":"EntryPoint","urlTemplate":"https:\/\/omnisource.com.mx\/?s={search_term_string}"},"query-input":{"@type":"PropertyValueSpecification","valueRequired":true,"valueName":"search_term_string"}}],"inLanguage":"en-US"}]}},"_links":{"self":[{"href":"https:\/\/omnisource.com.mx\/en\/wp-json\/wp\/v2\/pages\/356","targetHints":{"allow":["GET"]}}],"collection":[{"href":"https:\/\/omnisource.com.mx\/en\/wp-json\/wp\/v2\/pages"}],"about":[{"href":"https:\/\/omnisource.com.mx\/en\/wp-json\/wp\/v2\/types\/page"}],"author":[{"embeddable":true,"href":"https:\/\/omnisource.com.mx\/en\/wp-json\/wp\/v2\/users\/2"}],"replies":[{"embeddable":true,"href":"https:\/\/omnisource.com.mx\/en\/wp-json\/wp\/v2\/comments?post=356"}],"version-history":[{"count":7,"href":"https:\/\/omnisource.com.mx\/en\/wp-json\/wp\/v2\/pages\/356\/revisions"}],"predecessor-version":[{"id":696,"href":"https:\/\/omnisource.com.mx\/en\/wp-json\/wp\/v2\/pages\/356\/revisions\/696"}],"wp:attachment":[{"href":"https:\/\/omnisource.com.mx\/en\/wp-json\/wp\/v2\/media?parent=356"}],"curies":[{"name":"wp","href":"https:\/\/api.w.org\/{rel}","templated":true}]}}