{"id":362,"date":"2016-08-10T18:08:53","date_gmt":"2016-08-10T23:08:53","guid":{"rendered":"http:\/\/www.zimmer.com.mx\/?page_id=362&#038;lang=en"},"modified":"2016-08-10T18:08:53","modified_gmt":"2016-08-10T23:08:53","slug":"videos-coporativos","status":"publish","type":"page","link":"https:\/\/omnisource.com.mx\/en\/videos-coporativos\/","title":{"rendered":"Videos coporativos"},"content":{"rendered":"<p>[vc_row][vc_column][vc_video popup=&#8221;no&#8221; link=&#8221;https:\/\/www.youtube.com\/watch?v=__sppSCnFTM&#8221;]<div class=\"ult-spacer spacer-69d77170720c0\" data-id=\"69d77170720c0\" data-height=\"10\" data-height-mobile=\"10\" data-height-tab=\"10\" data-height-tab-portrait=\"\" data-height-mobile-landscape=\"\" style=\"clear:both;display:block;\"><\/div>[\/vc_column][\/vc_row]<\/p>\n","protected":false},"excerpt":{"rendered":"<p>[vc_row][vc_column][vc_video popup=&#8221;no&#8221; link=&#8221;https:\/\/www.youtube.com\/watch?v=__sppSCnFTM&#8221;][\/vc_column][\/vc_row]<\/p>\n","protected":false},"author":2,"featured_media":0,"parent":0,"menu_order":0,"comment_status":"closed","ping_status":"closed","template":"","meta":{"footnotes":""},"class_list":["post-362","page","type-page","status-publish","hentry"],"yoast_head":"<!-- This site is optimized with the Yoast SEO plugin v23.5 - https:\/\/yoast.com\/wordpress\/plugins\/seo\/ -->\n<title>OmniSource<\/title>\n<meta name=\"description\" content=\"OmniSource Somos l\u00edderes con m\u00e1s de 35 a\u00f1os de experiencia en el servicio de recolecci\u00f3n y compra de scrap a la industria, as\u00ed como en la venta de materiales a nivel mundial.\" \/>\n<meta name=\"robots\" content=\"index, follow, max-snippet:-1, max-image-preview:large, max-video-preview:-1\" \/>\n<link rel=\"canonical\" href=\"https:\/\/omnisource.com.mx\/videos-coporativos\/\" \/>\n<meta property=\"og:locale\" content=\"en_US\" \/>\n<meta property=\"og:type\" content=\"article\" \/>\n<meta property=\"og:title\" content=\"OmniSource\" \/>\n<meta property=\"og:description\" content=\"OmniSource Somos l\u00edderes con m\u00e1s de 35 a\u00f1os de experiencia en el servicio de recolecci\u00f3n y compra de scrap a la industria, as\u00ed como en la venta de materiales a nivel mundial.\" \/>\n<meta property=\"og:url\" content=\"https:\/\/omnisource.com.mx\/videos-coporativos\/\" \/>\n<meta property=\"og:site_name\" content=\"Zimmer\" \/>\n<meta name=\"twitter:card\" content=\"summary_large_image\" \/>\n<script type=\"application\/ld+json\" class=\"yoast-schema-graph\">{\"@context\":\"https:\/\/schema.org\",\"@graph\":[{\"@type\":\"WebPage\",\"@id\":\"https:\/\/omnisource.com.mx\/videos-coporativos\/\",\"url\":\"https:\/\/omnisource.com.mx\/videos-coporativos\/\",\"name\":\"OmniSource\",\"isPartOf\":{\"@id\":\"https:\/\/omnisource.com.mx\/#website\"},\"datePublished\":\"2016-08-10T23:08:53+00:00\",\"dateModified\":\"2016-08-10T23:08:53+00:00\",\"description\":\"OmniSource Somos l\u00edderes con m\u00e1s de 35 a\u00f1os de experiencia en el servicio de recolecci\u00f3n y compra de scrap a la industria, as\u00ed como en la venta de materiales a nivel mundial.\",\"breadcrumb\":{\"@id\":\"https:\/\/omnisource.com.mx\/videos-coporativos\/#breadcrumb\"},\"inLanguage\":\"en-US\",\"potentialAction\":[{\"@type\":\"ReadAction\",\"target\":[\"https:\/\/omnisource.com.mx\/videos-coporativos\/\"]}]},{\"@type\":\"BreadcrumbList\",\"@id\":\"https:\/\/omnisource.com.mx\/videos-coporativos\/#breadcrumb\",\"itemListElement\":[{\"@type\":\"ListItem\",\"position\":1,\"name\":\"Portada\",\"item\":\"https:\/\/omnisource.com.mx\/en\/\"},{\"@type\":\"ListItem\",\"position\":2,\"name\":\"Videos coporativos\"}]},{\"@type\":\"WebSite\",\"@id\":\"https:\/\/omnisource.com.mx\/#website\",\"url\":\"https:\/\/omnisource.com.mx\/\",\"name\":\"Zimmer\",\"description\":\"Recycling\",\"potentialAction\":[{\"@type\":\"SearchAction\",\"target\":{\"@type\":\"EntryPoint\",\"urlTemplate\":\"https:\/\/omnisource.com.mx\/?s={search_term_string}\"},\"query-input\":{\"@type\":\"PropertyValueSpecification\",\"valueRequired\":true,\"valueName\":\"search_term_string\"}}],\"inLanguage\":\"en-US\"}]}<\/script>\n<!-- \/ Yoast SEO plugin. -->","yoast_head_json":{"title":"OmniSource","description":"OmniSource Somos l\u00edderes con m\u00e1s de 35 a\u00f1os de experiencia en el servicio de recolecci\u00f3n y compra de scrap a la industria, as\u00ed como en la venta de materiales a nivel mundial.","robots":{"index":"index","follow":"follow","max-snippet":"max-snippet:-1","max-image-preview":"max-image-preview:large","max-video-preview":"max-video-preview:-1"},"canonical":"https:\/\/omnisource.com.mx\/videos-coporativos\/","og_locale":"en_US","og_type":"article","og_title":"OmniSource","og_description":"OmniSource Somos l\u00edderes con m\u00e1s de 35 a\u00f1os de experiencia en el servicio de recolecci\u00f3n y compra de scrap a la industria, as\u00ed como en la venta de materiales a nivel mundial.","og_url":"https:\/\/omnisource.com.mx\/videos-coporativos\/","og_site_name":"Zimmer","twitter_card":"summary_large_image","schema":{"@context":"https:\/\/schema.org","@graph":[{"@type":"WebPage","@id":"https:\/\/omnisource.com.mx\/videos-coporativos\/","url":"https:\/\/omnisource.com.mx\/videos-coporativos\/","name":"OmniSource","isPartOf":{"@id":"https:\/\/omnisource.com.mx\/#website"},"datePublished":"2016-08-10T23:08:53+00:00","dateModified":"2016-08-10T23:08:53+00:00","description":"OmniSource Somos l\u00edderes con m\u00e1s de 35 a\u00f1os de experiencia en el servicio de recolecci\u00f3n y compra de scrap a la industria, as\u00ed como en la venta de materiales a nivel mundial.","breadcrumb":{"@id":"https:\/\/omnisource.com.mx\/videos-coporativos\/#breadcrumb"},"inLanguage":"en-US","potentialAction":[{"@type":"ReadAction","target":["https:\/\/omnisource.com.mx\/videos-coporativos\/"]}]},{"@type":"BreadcrumbList","@id":"https:\/\/omnisource.com.mx\/videos-coporativos\/#breadcrumb","itemListElement":[{"@type":"ListItem","position":1,"name":"Portada","item":"https:\/\/omnisource.com.mx\/en\/"},{"@type":"ListItem","position":2,"name":"Videos coporativos"}]},{"@type":"WebSite","@id":"https:\/\/omnisource.com.mx\/#website","url":"https:\/\/omnisource.com.mx\/","name":"Zimmer","description":"Recycling","potentialAction":[{"@type":"SearchAction","target":{"@type":"EntryPoint","urlTemplate":"https:\/\/omnisource.com.mx\/?s={search_term_string}"},"query-input":{"@type":"PropertyValueSpecification","valueRequired":true,"valueName":"search_term_string"}}],"inLanguage":"en-US"}]}},"_links":{"self":[{"href":"https:\/\/omnisource.com.mx\/en\/wp-json\/wp\/v2\/pages\/362"}],"collection":[{"href":"https:\/\/omnisource.com.mx\/en\/wp-json\/wp\/v2\/pages"}],"about":[{"href":"https:\/\/omnisource.com.mx\/en\/wp-json\/wp\/v2\/types\/page"}],"author":[{"embeddable":true,"href":"https:\/\/omnisource.com.mx\/en\/wp-json\/wp\/v2\/users\/2"}],"replies":[{"embeddable":true,"href":"https:\/\/omnisource.com.mx\/en\/wp-json\/wp\/v2\/comments?post=362"}],"version-history":[{"count":1,"href":"https:\/\/omnisource.com.mx\/en\/wp-json\/wp\/v2\/pages\/362\/revisions"}],"predecessor-version":[{"id":365,"href":"https:\/\/omnisource.com.mx\/en\/wp-json\/wp\/v2\/pages\/362\/revisions\/365"}],"wp:attachment":[{"href":"https:\/\/omnisource.com.mx\/en\/wp-json\/wp\/v2\/media?parent=362"}],"curies":[{"name":"wp","href":"https:\/\/api.w.org\/{rel}","templated":true}]}}