{"id":105,"date":"2016-06-28T09:57:24","date_gmt":"2016-06-28T14:57:24","guid":{"rendered":"http:\/\/www.zimmer.com.mx\/?page_id=105"},"modified":"2021-10-19T15:44:10","modified_gmt":"2021-10-19T20:44:10","slug":"quienes-somos","status":"publish","type":"page","link":"https:\/\/omnisource.com.mx\/prueba\/quienes-somos\/","title":{"rendered":"Quienes somos"},"content":{"rendered":"<p>[vc_row][vc_column][vc_column_text]Somos l\u00edderes en el servicio de recolecci\u00f3n y compra de scrap a la industria, as\u00ed como en la venta de materiales a nivel mundial. Nos respaldan relaciones con corporativos nacionales e internacionales debido a la honestidad, transparencia y profesionalismo que nos caracteriza.<\/p>\n<p>Preocupados por el medio ambiente estamos comprometidos con programas de reciclaje, reutilizaci\u00f3n y reducci\u00f3n de los desperdicios industriales que mejoren el planeta para un futuro mejor.[\/vc_column_text]<div class=\"ult-spacer spacer-69e463dd5d9f8\" data-id=\"69e463dd5d9f8\" data-height=\"10\" data-height-mobile=\"10\" data-height-tab=\"10\" data-height-tab-portrait=\"\" data-height-mobile-landscape=\"\" style=\"clear:both;display:block;\"><\/div>[\/vc_column][\/vc_row][vc_row][vc_column][\/vc_column][\/vc_row]<\/p>\n","protected":false},"excerpt":{"rendered":"<p>[vc_row][vc_column][vc_column_text]Somos l\u00edderes en el servicio de recolecci\u00f3n y compra de scrap a la industria, as\u00ed&#8230;<\/p>\n","protected":false},"author":2,"featured_media":0,"parent":0,"menu_order":0,"comment_status":"closed","ping_status":"closed","template":"","meta":[],"_links":{"self":[{"href":"https:\/\/omnisource.com.mx\/prueba\/wp-json\/wp\/v2\/pages\/105"}],"collection":[{"href":"https:\/\/omnisource.com.mx\/prueba\/wp-json\/wp\/v2\/pages"}],"about":[{"href":"https:\/\/omnisource.com.mx\/prueba\/wp-json\/wp\/v2\/types\/page"}],"author":[{"embeddable":true,"href":"https:\/\/omnisource.com.mx\/prueba\/wp-json\/wp\/v2\/users\/2"}],"replies":[{"embeddable":true,"href":"https:\/\/omnisource.com.mx\/prueba\/wp-json\/wp\/v2\/comments?post=105"}],"version-history":[{"count":9,"href":"https:\/\/omnisource.com.mx\/prueba\/wp-json\/wp\/v2\/pages\/105\/revisions"}],"predecessor-version":[{"id":578,"href":"https:\/\/omnisource.com.mx\/prueba\/wp-json\/wp\/v2\/pages\/105\/revisions\/578"}],"wp:attachment":[{"href":"https:\/\/omnisource.com.mx\/prueba\/wp-json\/wp\/v2\/media?parent=105"}],"curies":[{"name":"wp","href":"https:\/\/api.w.org\/{rel}","templated":true}]}}