{"id":135,"date":"2016-06-28T12:24:54","date_gmt":"2016-06-28T17:24:54","guid":{"rendered":"http:\/\/www.zimmer.com.mx\/?page_id=135"},"modified":"2022-05-20T15:27:14","modified_gmt":"2022-05-20T20:27:14","slug":"certificaciones","status":"publish","type":"page","link":"https:\/\/omnisource.com.mx\/prueba\/certificaciones\/","title":{"rendered":"Certificaciones"},"content":{"rendered":"<p>[vc_row][vc_column][vc_column_text]Contamos con todas las autorizaciones y licencias para la recolecci\u00f3n, transportaci\u00f3n, manejo y disposici\u00f3n de materiales industriales que exigen las instancias oficiales, adem\u00e1s de cumplir con todas las regulaciones de las agencias ambientales.[\/vc_column_text][\/vc_column][\/vc_row][vc_row][vc_column width=\u00bb2\/12&#8243;][\/vc_column][vc_column width=\u00bb8\/12&#8243;][vc_row_inner][vc_column_inner width=\u00bb1\/2&#8243;]<div class=\"aio-icon-component  vc_custom_1569018009117   style_2\"><div id=\"Info-box-wrap-9171\" class=\"aio-icon-box heading-right-icon\" style=\"\"  ><div class=\"aio-icon-header\" ><h3 class=\"aio-icon-title ult-responsive\"  data-ultimate-target='#Info-box-wrap-9171 .aio-icon-title'  data-responsive-json-new='{\"font-size\":\"desktop:20px;\",\"line-height\":\"\"}'  style=\"font-family:'Oswald';font-weight:normal;font-style:normal;\">Programa IMMEX<\/h3><\/div> <!-- header --><div class=\"aio-icon-heading-right\" ><div class=\"ult-just-icon-wrapper  \"><div class=\"align-icon\" style=\"text-align:center;\">\n<div class=\"aio-icon none \" data-animation=\"fadeIn\" data-animation-delay=\"03\" style=\"color:#002b67;font-size:42px;display:inline-block;\">\n\t<i class=\"Zimmercertificaciones-medal\"><\/i>\n<\/div><\/div><\/div><\/div><\/div> <!-- aio-icon-box --><\/div> <!-- aio-icon-component -->[\/vc_column_inner][vc_column_inner width=\u00bb1\/2&#8243;]<div class=\"aio-icon-component  vc_custom_1569018066983   style_2\"><div id=\"Info-box-wrap-3223\" class=\"aio-icon-box default-icon\" style=\"\"  ><div class=\"aio-icon-default\"><div class=\"ult-just-icon-wrapper  \"><div class=\"align-icon\" style=\"text-align:center;\">\n<div class=\"aio-icon none \" data-animation=\"fadeIn\" data-animation-delay=\"03\" style=\"color:#002b67;font-size:42px;display:inline-block;\">\n\t<i class=\"Zimmercertificaciones-diploma\"><\/i>\n<\/div><\/div><\/div><\/div><div class=\"aio-icon-header\" ><h3 class=\"aio-icon-title ult-responsive\"  data-ultimate-target='#Info-box-wrap-3223 .aio-icon-title'  data-responsive-json-new='{\"font-size\":\"desktop:20px;\",\"line-height\":\"\"}'  style=\"font-family:'Oswald';font-weight:normal;font-style:normal;\">Certificaci\u00f3n OEA <\/h3><\/div> <!-- header --><\/div> <!-- aio-icon-box --><\/div> <!-- aio-icon-component -->[\/vc_column_inner][\/vc_row_inner][vc_row_inner][vc_column_inner width=\u00bb1\/2&#8243;]<div class=\"aio-icon-component  vc_custom_1569018232250   style_2\"><div id=\"Info-box-wrap-9081\" class=\"aio-icon-box heading-right-icon\" style=\"\"  ><div class=\"aio-icon-header\" ><h3 class=\"aio-icon-title ult-responsive\"  data-ultimate-target='#Info-box-wrap-9081 .aio-icon-title'  data-responsive-json-new='{\"font-size\":\"desktop:20px;\",\"line-height\":\"\"}'  style=\"font-family:'Oswald';font-weight:normal;font-style:normal;\">Certificaci\u00f3n IVA<\/h3><\/div> <!-- header --><div class=\"aio-icon-heading-right\" ><div class=\"ult-just-icon-wrapper  \"><div class=\"align-icon\" style=\"text-align:center;\">\n<div class=\"aio-icon none \" data-animation=\"fadeIn\" data-animation-delay=\"03\" style=\"color:#002b67;font-size:42px;display:inline-block;\">\n\t<i class=\"Zimmercertificaciones-medal\"><\/i>\n<\/div><\/div><\/div><\/div><\/div> <!-- aio-icon-box --><\/div> <!-- aio-icon-component -->[\/vc_column_inner][vc_column_inner width=\u00bb1\/2&#8243;]<div class=\"aio-icon-component  vc_custom_1569020456197   style_2\"><div id=\"Info-box-wrap-3351\" class=\"aio-icon-box default-icon\" style=\"\"  ><div class=\"aio-icon-default\"><div class=\"ult-just-icon-wrapper  \"><div class=\"align-icon\" style=\"text-align:center;\">\n<div class=\"aio-icon none \" data-animation=\"fadeIn\" data-animation-delay=\"03\" style=\"color:#002b67;font-size:42px;display:inline-block;\">\n\t<i class=\"Defaults-check\"><\/i>\n<\/div><\/div><\/div><\/div><div class=\"aio-icon-header\" ><h3 class=\"aio-icon-title ult-responsive\"  data-ultimate-target='#Info-box-wrap-3351 .aio-icon-title'  data-responsive-json-new='{\"font-size\":\"desktop:20px;\",\"line-height\":\"\"}'  style=\"font-family:'Oswald';font-weight:normal;font-style:normal;\">POLITICA DE CALIDAD<\/h3><\/div> <!-- header --><\/div> <!-- aio-icon-box --><\/div> <!-- aio-icon-component -->[\/vc_column_inner][\/vc_row_inner][vc_row_inner][vc_column_inner width=\u00bb1\/2&#8243;]<div class=\"aio-icon-component  vc_custom_1467135698152   style_2\"><div id=\"Info-box-wrap-7259\" class=\"aio-icon-box heading-right-icon\" style=\"\"  ><div class=\"aio-icon-header\" ><h3 class=\"aio-icon-title ult-responsive\"  data-ultimate-target='#Info-box-wrap-7259 .aio-icon-title'  data-responsive-json-new='{\"font-size\":\"desktop:20px;\",\"line-height\":\"\"}'  style=\"font-family:'Oswald';font-weight:normal;font-style:normal;\">Autorizaci\u00f3n de transporte de residuos de manejo especial<\/h3><\/div> <!-- header --><div class=\"aio-icon-heading-right\" ><div class=\"ult-just-icon-wrapper  \"><div class=\"align-icon\" style=\"text-align:center;\">\n<div class=\"aio-icon none \" data-animation=\"fadeIn\" data-animation-delay=\"03\" style=\"color:#002b67;font-size:42px;display:inline-block;\">\n\t<i class=\"Zimmercertificaciones-warning-symbol\"><\/i>\n<\/div><\/div><\/div><\/div><\/div> <!-- aio-icon-box --><\/div> <!-- aio-icon-component -->[\/vc_column_inner][vc_column_inner width=\u00bb1\/2&#8243;]<div class=\"aio-icon-component  vc_custom_1467135708918   style_2\"><div id=\"Info-box-wrap-5517\" class=\"aio-icon-box default-icon\" style=\"\"  ><div class=\"aio-icon-default\"><div class=\"ult-just-icon-wrapper  \"><div class=\"align-icon\" style=\"text-align:center;\">\n<div class=\"aio-icon none \" data-animation=\"fadeIn\" data-animation-delay=\"03\" style=\"color:#002b67;font-size:42px;display:inline-block;\">\n\t<i class=\"Zimmercertificaciones-recycling-symbol\"><\/i>\n<\/div><\/div><\/div><\/div><div class=\"aio-icon-header\" ><h3 class=\"aio-icon-title ult-responsive\"  data-ultimate-target='#Info-box-wrap-5517 .aio-icon-title'  data-responsive-json-new='{\"font-size\":\"desktop:20px;\",\"line-height\":\"\"}'  style=\"font-family:'Oswald';font-weight:normal;font-style:normal;\">Autorizaci\u00f3n de compra-venta de residuos de manejo especial<\/h3><\/div> <!-- header --><\/div> <!-- aio-icon-box --><\/div> <!-- aio-icon-component -->[\/vc_column_inner][\/vc_row_inner][vc_row_inner][vc_column_inner width=\u00bb1\/2&#8243;]<div class=\"aio-icon-component  vc_custom_1467135721655   style_2\"><div id=\"Info-box-wrap-5613\" class=\"aio-icon-box heading-right-icon\" style=\"\"  ><div class=\"aio-icon-header\" ><h3 class=\"aio-icon-title ult-responsive\"  data-ultimate-target='#Info-box-wrap-5613 .aio-icon-title'  data-responsive-json-new='{\"font-size\":\"desktop:20px;\",\"line-height\":\"\"}'  style=\"font-family:'Oswald';font-weight:normal;font-style:normal;\">Autorizaci\u00f3n de transporte de residuos peligrosos<\/h3><\/div> <!-- header --><div class=\"aio-icon-heading-right\" ><div class=\"ult-just-icon-wrapper  \"><div class=\"align-icon\" style=\"text-align:center;\">\n<div class=\"aio-icon none \" data-animation=\"fadeIn\" data-animation-delay=\"03\" style=\"color:#002b67;font-size:42px;display:inline-block;\">\n\t<i class=\"Zimmercertificaciones-biohazard\"><\/i>\n<\/div><\/div><\/div><\/div><\/div> <!-- aio-icon-box --><\/div> <!-- aio-icon-component -->[\/vc_column_inner][vc_column_inner width=\u00bb1\/2&#8243;][\/vc_column_inner][\/vc_row_inner][\/vc_column][vc_column width=\u00bb2\/12&#8243;][\/vc_column][\/vc_row][vc_row css=\u00bb.vc_custom_1569020011828{margin-top: 100px !important;margin-bottom: 100px !important;}\u00bb el_id=\u00bbpolitica\u00bb][vc_column width=\u00bb1\/4&#8243;][\/vc_column][vc_column width=\u00bb1\/2&#8243;][vc_custom_heading text=\u00bbPOLITICA DE CALIDAD\u00bb font_container=\u00bbtag:h2|text_align:center\u00bb use_theme_fonts=\u00bbyes\u00bb][vc_column_text]<\/p>\n<p style=\"font-weight: 400; text-align: justify;\">En\u00a0<strong>OmniSource Mexico<\/strong>\u00a0estamos comprometidos a proporcionar productos y servicios de calidad mediante la eficaz\u00a0<em>recolecci\u00f3n, clasificaci\u00f3n y gesti\u00f3n de residuos ferrosos, no ferrosos y otros materiales<\/em>, a trav\u00e9s de un equipo talentoso, procesos controlados, con seguridad y mejora continua, cumpliendo las expectativas de las partes interesadas.<\/p>\n<p>[\/vc_column_text][\/vc_column][vc_column width=\u00bb1\/4&#8243;][\/vc_column][\/vc_row]<\/p>\n","protected":false},"excerpt":{"rendered":"<p>[vc_row][vc_column][vc_column_text]Contamos con todas las autorizaciones y licencias para la recolecci\u00f3n, transportaci\u00f3n, manejo y disposici\u00f3n de&#8230;<\/p>\n","protected":false},"author":2,"featured_media":0,"parent":0,"menu_order":0,"comment_status":"closed","ping_status":"closed","template":"","meta":[],"_links":{"self":[{"href":"https:\/\/omnisource.com.mx\/prueba\/wp-json\/wp\/v2\/pages\/135"}],"collection":[{"href":"https:\/\/omnisource.com.mx\/prueba\/wp-json\/wp\/v2\/pages"}],"about":[{"href":"https:\/\/omnisource.com.mx\/prueba\/wp-json\/wp\/v2\/types\/page"}],"author":[{"embeddable":true,"href":"https:\/\/omnisource.com.mx\/prueba\/wp-json\/wp\/v2\/users\/2"}],"replies":[{"embeddable":true,"href":"https:\/\/omnisource.com.mx\/prueba\/wp-json\/wp\/v2\/comments?post=135"}],"version-history":[{"count":23,"href":"https:\/\/omnisource.com.mx\/prueba\/wp-json\/wp\/v2\/pages\/135\/revisions"}],"predecessor-version":[{"id":580,"href":"https:\/\/omnisource.com.mx\/prueba\/wp-json\/wp\/v2\/pages\/135\/revisions\/580"}],"wp:attachment":[{"href":"https:\/\/omnisource.com.mx\/prueba\/wp-json\/wp\/v2\/media?parent=135"}],"curies":[{"name":"wp","href":"https:\/\/api.w.org\/{rel}","templated":true}]}}