{"id":178,"date":"2016-06-28T14:45:44","date_gmt":"2016-06-28T19:45:44","guid":{"rendered":"http:\/\/www.zimmer.com.mx\/?page_id=178"},"modified":"2020-10-16T19:06:02","modified_gmt":"2020-10-17T00:06:02","slug":"venta-de-materia-prima","status":"publish","type":"page","link":"https:\/\/omnisource.com.mx\/prueba\/venta-de-materia-prima\/","title":{"rendered":"Venta de materia prima"},"content":{"rendered":"<p>[vc_row][vc_column]<div id=\"ultimate-heading-485469e463ddaf04c\" class=\"uvc-heading ult-adjust-bottom-margin ultimate-heading-485469e463ddaf04c uvc-2789 \" data-hspacer=\"line_only\"  data-halign=\"center\" style=\"text-align:center\"><div class=\"uvc-sub-heading ult-responsive\"  data-ultimate-target='.uvc-heading.ultimate-heading-485469e463ddaf04c .uvc-sub-heading '  data-responsive-json-new='{\"font-size\":\"desktop:18px;\",\"line-height\":\"desktop:24px;\"}'  style=\"font-family:'Arimo';font-style:italic;font-weight:normal;font-style:normal;\">En Zimmer vendemos chatarra de fierro, metales y pl\u00e1sticos. Embarcamos los materiales a cualquier parte del mundo v\u00eda terrestre (tren y cami\u00f3n) y mar\u00edtima.<\/div><div class=\"uvc-heading-spacer line_only\" style=\"margin-top:20px;margin-bottom:20px;height:1px;\"><span class=\"uvc-headings-line\" style=\"border-style:solid;border-bottom-width:1px;border-color:#d0191b;width:80px;\"><\/span><\/div><\/div>[\/vc_column][\/vc_row][vc_row][vc_column width=\u00bb1\/3&#8243;]<div class=\"flip-box-wrap\" style=\"\"><div class=\"flip-box ifb-jq-height rounded-icon horizontal_flip_right flip-ifb-jq-height\" data-animation=\"\" data-animation-delay=\"03\" style=\"\" ><div class=\"ifb-flip-box\" id=\"flip-box-wrap-4493\"><div class=\"ifb-face ifb-front \" style=\"color:#93b500;background:#efefef;  border-color:#A4A4A4;\">\n\t\t\t\t\t\t\t<div class=\"ifb-flip-box-section ifb-flip-box-section-vertical-middle\">\n\t\t\t\t\t\t\t<div class=\"flip-box-icon\"><div class=\"ult-just-icon-wrapper  \"><div class=\"align-icon\" style=\"text-align:center;\">\n<div class=\"aio-icon-img \" style=\"font-size:200px;display:inline-block;\" >\n\t<img class=\"img-icon\" alt=\"null\" src=\"https:\/\/omnisource.com.mx\/prueba\/wp-content\/uploads\/2016\/06\/zimmer-materias-primas-acero-metales.jpg\"\/>\n<\/div><\/div><\/div><\/div><h3 class=\"ult-responsive\"  data-ultimate-target='#flip-box-wrap-4493 h3.ult-responsive'  data-responsive-json-new='{\"font-size\":\"desktop:18px;\",\"line-height\":\"\"}'  style=\"color:#93b500; font-family:'Oswald';\">Fierro<\/h3><\/div><\/div><!-- END .front -->\n\t\t\t\t\t\t<div class=\"ifb-face ifb-back\" style=\"color:#333333;background:#efefef;  border-color:#A4A4A4;\">\n\t\t\t\t\t\t\t<div class=\"ifb-flip-box-section ifb-flip-box-section-vertical-middle\"><h3 class=\"ult-responsive\"  data-ultimate-target='#flip-box-wrap-4493 h3.ult-responsive'  data-responsive-json-new='{\"font-size\":\"desktop:18px;\",\"line-height\":\"\"}'  style=\"color:#333333; font-family:'Oswald';\">Fierro<\/h3><div class=\"ifb-flip-box-section-content ult-responsive\"  data-ultimate-target='#flip-box-wrap-4493 .ult-responsive'  data-responsive-json-new='{\"font-size\":\"\",\"line-height\":\"\"}'  style=\"color:#333333;\"><p>\u2022 Fierro.<br \/>\n\u2022 Retorno industrial.<br \/>\n\u2022 Placa y estructura.<br \/>\n\u2022 Primera y segunda.<br \/>\n\u2022 Hierro gris y hierro nodular.<br \/>\n\u2022 Rebaba.<br \/>\n\u2022 Bajo Manganeso.<br \/>\n<\/p><\/div><\/div><\/div><!-- END .back --><\/div> <!-- ifb-flip-box --><\/div> <!-- flip-box --><\/div><!-- End icon block -->[\/vc_column][vc_column width=\u00bb1\/3&#8243;]<div class=\"flip-box-wrap\" style=\"\"><div class=\"flip-box ifb-jq-height rounded-icon horizontal_flip_right flip-ifb-jq-height\" data-animation=\"\" data-animation-delay=\"03\" style=\"\" ><div class=\"ifb-flip-box\" id=\"flip-box-wrap-7359\"><div class=\"ifb-face ifb-front \" style=\"color:#93b500;background:#efefef;  border-color:#A4A4A4;\">\n\t\t\t\t\t\t\t<div class=\"ifb-flip-box-section ifb-flip-box-section-vertical-middle\">\n\t\t\t\t\t\t\t<div class=\"flip-box-icon\"><div class=\"ult-just-icon-wrapper  \"><div class=\"align-icon\" style=\"text-align:center;\">\n<div class=\"aio-icon-img \" style=\"font-size:200px;display:inline-block;\" >\n\t<img class=\"img-icon\" alt=\"null\" src=\"https:\/\/omnisource.com.mx\/prueba\/wp-content\/uploads\/2016\/06\/zimmer-materias-primas-acero-inoxidable.jpg\"\/>\n<\/div><\/div><\/div><\/div><h3 class=\"ult-responsive\"  data-ultimate-target='#flip-box-wrap-7359 h3.ult-responsive'  data-responsive-json-new='{\"font-size\":\"desktop:18px;\",\"line-height\":\"\"}'  style=\"color:#93b500; font-family:'Oswald';\">Acero inoxidable<\/h3><\/div><\/div><!-- END .front -->\n\t\t\t\t\t\t<div class=\"ifb-face ifb-back\" style=\"color:#333333;background:#efefef;  border-color:#A4A4A4;\">\n\t\t\t\t\t\t\t<div class=\"ifb-flip-box-section ifb-flip-box-section-vertical-middle\"><h3 class=\"ult-responsive\"  data-ultimate-target='#flip-box-wrap-7359 h3.ult-responsive'  data-responsive-json-new='{\"font-size\":\"desktop:18px;\",\"line-height\":\"\"}'  style=\"color:#333333; font-family:'Oswald';\">Acero inoxidable<\/h3><div class=\"ifb-flip-box-section-content ult-responsive\"  data-ultimate-target='#flip-box-wrap-7359 .ult-responsive'  data-responsive-json-new='{\"font-size\":\"\",\"line-height\":\"\"}'  style=\"color:#333333;\"><p>\u2022 304 Troquel y Rebaba.<br \/>\n\u2022 316 Troquel y Rebaba.<br \/>\n\u2022 Acero 400 Troquel y Rebaba.<br \/>\n\u2022 Acero 409 Troquel y Rebaba.<br \/>\n\u2022 Acero 430 Troquel y Rebaba.<br \/>\n\u2022 Incoloy 800.<br \/>\n\u2022 Incoloy 840.<br \/>\n\u2022 Aleaciones alto n\u00edquel<\/p><\/div><\/div><\/div><!-- END .back --><\/div> <!-- ifb-flip-box --><\/div> <!-- flip-box --><\/div><!-- End icon block -->[\/vc_column][vc_column width=\u00bb1\/3&#8243;]<div class=\"flip-box-wrap\" style=\"\"><div class=\"flip-box ifb-jq-height rounded-icon horizontal_flip_right flip-ifb-jq-height\" data-animation=\"\" data-animation-delay=\"03\" style=\"\" ><div class=\"ifb-flip-box\" id=\"flip-box-wrap-6132\"><div class=\"ifb-face ifb-front \" style=\"color:#93b500;background:#efefef;  border-color:#A4A4A4;\">\n\t\t\t\t\t\t\t<div class=\"ifb-flip-box-section ifb-flip-box-section-vertical-middle\">\n\t\t\t\t\t\t\t<div class=\"flip-box-icon\"><div class=\"ult-just-icon-wrapper  \"><div class=\"align-icon\" style=\"text-align:center;\">\n<div class=\"aio-icon-img \" style=\"font-size:200px;display:inline-block;\" >\n\t<img class=\"img-icon\" alt=\"null\" src=\"https:\/\/omnisource.com.mx\/prueba\/wp-content\/uploads\/2016\/06\/zimmer-materias-primas-aluminio.jpg\"\/>\n<\/div><\/div><\/div><\/div><h3 class=\"ult-responsive\"  data-ultimate-target='#flip-box-wrap-6132 h3.ult-responsive'  data-responsive-json-new='{\"font-size\":\"desktop:18px;\",\"line-height\":\"\"}'  style=\"color:#93b500; font-family:'Oswald';\">Aluminio<\/h3><\/div><\/div><!-- END .front -->\n\t\t\t\t\t\t<div class=\"ifb-face ifb-back\" style=\"color:#333333;background:#efefef;  border-color:#A4A4A4;\">\n\t\t\t\t\t\t\t<div class=\"ifb-flip-box-section ifb-flip-box-section-vertical-middle\"><h3 class=\"ult-responsive\"  data-ultimate-target='#flip-box-wrap-6132 h3.ult-responsive'  data-responsive-json-new='{\"font-size\":\"desktop:18px;\",\"line-height\":\"\"}'  style=\"color:#333333; font-family:'Oswald';\">Aluminio<\/h3><div class=\"ifb-flip-box-section-content ult-responsive\"  data-ultimate-target='#flip-box-wrap-6132 .ult-responsive'  data-responsive-json-new='{\"font-size\":\"\",\"line-height\":\"\"}'  style=\"color:#333333;\"><p>\u2022 1100 Troquel y Confetti.<br \/>\n\u2022 3003.<br \/>\n\u2022 5052.<br \/>\n\u2022 Rebabas.<br \/>\n\u2022 Escorias.<br \/>\n\u2022 6063.<br \/>\n\u2022 6061.<br \/>\n\u2022 Radiador Aluminio.<br \/>\n\u2022 Radiador Aluminio \/ Cobre.<br \/>\n\u2022 Aluminio Grueso.<br \/>\n\u2022 Aluminio Delgado.<\/p><\/div><\/div><\/div><!-- END .back --><\/div> <!-- ifb-flip-box --><\/div> <!-- flip-box --><\/div><!-- End icon block -->[\/vc_column][\/vc_row][vc_row][vc_column width=\u00bb1\/3&#8243;]<div class=\"flip-box-wrap\" style=\"\"><div class=\"flip-box ifb-jq-height rounded-icon horizontal_flip_right flip-ifb-jq-height\" data-animation=\"\" data-animation-delay=\"03\" style=\"\" ><div class=\"ifb-flip-box\" id=\"flip-box-wrap-8643\"><div class=\"ifb-face ifb-front \" style=\"color:#93b500;background:#efefef;  border-color:#A4A4A4;\">\n\t\t\t\t\t\t\t<div class=\"ifb-flip-box-section ifb-flip-box-section-vertical-middle\">\n\t\t\t\t\t\t\t<div class=\"flip-box-icon\"><div class=\"ult-just-icon-wrapper  \"><div class=\"align-icon\" style=\"text-align:center;\">\n<div class=\"aio-icon-img \" style=\"font-size:200px;display:inline-block;\" >\n\t<img class=\"img-icon\" alt=\"null\" src=\"https:\/\/omnisource.com.mx\/prueba\/wp-content\/uploads\/2016\/06\/zimmer-materias-primas-bronce.jpg\"\/>\n<\/div><\/div><\/div><\/div><h3 class=\"ult-responsive\"  data-ultimate-target='#flip-box-wrap-8643 h3.ult-responsive'  data-responsive-json-new='{\"font-size\":\"desktop:18px;\",\"line-height\":\"\"}'  style=\"color:#93b500; font-family:'Oswald';\">Cobre y Bronce<\/h3><\/div><\/div><!-- END .front -->\n\t\t\t\t\t\t<div class=\"ifb-face ifb-back\" style=\"color:#333333;background:#efefef;  border-color:#A4A4A4;\">\n\t\t\t\t\t\t\t<div class=\"ifb-flip-box-section ifb-flip-box-section-vertical-middle\"><h3 class=\"ult-responsive\"  data-ultimate-target='#flip-box-wrap-8643 h3.ult-responsive'  data-responsive-json-new='{\"font-size\":\"desktop:18px;\",\"line-height\":\"\"}'  style=\"color:#333333; font-family:'Oswald';\">Cobre y Bronce<\/h3><div class=\"ifb-flip-box-section-content ult-responsive\"  data-ultimate-target='#flip-box-wrap-8643 .ult-responsive'  data-responsive-json-new='{\"font-size\":\"\",\"line-height\":\"\"}'  style=\"color:#333333;\"><p>\u2022 Cobre #1<br \/>\n\u2022 Cobre #2<br \/>\n\u2022 Bronce Amarillo<br \/>\n\u2022 Rebabas<br \/>\n\u2022 Latones<br \/>\n\u2022 Aleaciones especiales de cobre<\/p><\/div><\/div><\/div><!-- END .back --><\/div> <!-- ifb-flip-box --><\/div> <!-- flip-box --><\/div><!-- End icon block -->[\/vc_column][vc_column width=\u00bb1\/3&#8243;]<div class=\"flip-box-wrap\" style=\"\"><div class=\"flip-box ifb-jq-height rounded-icon horizontal_flip_right flip-ifb-jq-height\" data-animation=\"\" data-animation-delay=\"03\" style=\"\" ><div class=\"ifb-flip-box\" id=\"flip-box-wrap-9819\"><div class=\"ifb-face ifb-front \" style=\"color:#93b500;background:#efefef;  border-color:#A4A4A4;\">\n\t\t\t\t\t\t\t<div class=\"ifb-flip-box-section ifb-flip-box-section-vertical-middle\">\n\t\t\t\t\t\t\t<div class=\"flip-box-icon\"><div class=\"ult-just-icon-wrapper  \"><div class=\"align-icon\" style=\"text-align:center;\">\n<div class=\"aio-icon-img \" style=\"font-size:200px;display:inline-block;\" >\n\t<img class=\"img-icon\" alt=\"null\" src=\"https:\/\/omnisource.com.mx\/prueba\/wp-content\/uploads\/2016\/06\/zimmer-materias-primas-otros-metales.jpg\"\/>\n<\/div><\/div><\/div><\/div><h3 class=\"ult-responsive\"  data-ultimate-target='#flip-box-wrap-9819 h3.ult-responsive'  data-responsive-json-new='{\"font-size\":\"desktop:18px;\",\"line-height\":\"\"}'  style=\"color:#93b500; font-family:'Oswald';\">Otros metales<\/h3><\/div><\/div><!-- END .front -->\n\t\t\t\t\t\t<div class=\"ifb-face ifb-back\" style=\"color:#333333;background:#efefef;  border-color:#A4A4A4;\">\n\t\t\t\t\t\t\t<div class=\"ifb-flip-box-section ifb-flip-box-section-vertical-middle\"><h3 class=\"ult-responsive\"  data-ultimate-target='#flip-box-wrap-9819 h3.ult-responsive'  data-responsive-json-new='{\"font-size\":\"desktop:18px;\",\"line-height\":\"\"}'  style=\"color:#333333; font-family:'Oswald';\">Otros metales<\/h3><div class=\"ifb-flip-box-section-content ult-responsive\"  data-ultimate-target='#flip-box-wrap-9819 .ult-responsive'  data-responsive-json-new='{\"font-size\":\"\",\"line-height\":\"\"}'  style=\"color:#333333;\"><p>\u2022 Magnesio.<br \/>\n\u2022 Antimonio.<br \/>\n\u2022 Titanio.<\/p><\/div><\/div><\/div><!-- END .back --><\/div> <!-- ifb-flip-box --><\/div> <!-- flip-box --><\/div><!-- End icon block -->[\/vc_column][vc_column width=\u00bb1\/3&#8243;]<div class=\"flip-box-wrap\" style=\"\"><div class=\"flip-box ifb-jq-height rounded-icon horizontal_flip_right flip-ifb-jq-height\" data-animation=\"\" data-animation-delay=\"03\" style=\"\" ><div class=\"ifb-flip-box\" id=\"flip-box-wrap-8408\"><div class=\"ifb-face ifb-front \" style=\"color:#93b500;background:#efefef;  border-color:#A4A4A4;\">\n\t\t\t\t\t\t\t<div class=\"ifb-flip-box-section ifb-flip-box-section-vertical-middle\">\n\t\t\t\t\t\t\t<div class=\"flip-box-icon\"><div class=\"ult-just-icon-wrapper  \"><div class=\"align-icon\" style=\"text-align:center;\">\n<div class=\"aio-icon-img \" style=\"font-size:200px;display:inline-block;\" >\n\t<img class=\"img-icon\" alt=\"null\" src=\"https:\/\/omnisource.com.mx\/prueba\/wp-content\/uploads\/2016\/06\/zimmer-materias-primas-zinc.jpg\"\/>\n<\/div><\/div><\/div><\/div><h3 class=\"ult-responsive\"  data-ultimate-target='#flip-box-wrap-8408 h3.ult-responsive'  data-responsive-json-new='{\"font-size\":\"desktop:18px;\",\"line-height\":\"\"}'  style=\"color:#93b500; font-family:'Oswald';\">Zinc<\/h3><\/div><\/div><!-- END .front -->\n\t\t\t\t\t\t<div class=\"ifb-face ifb-back\" style=\"color:#333333;background:#efefef;  border-color:#A4A4A4;\">\n\t\t\t\t\t\t\t<div class=\"ifb-flip-box-section ifb-flip-box-section-vertical-middle\"><h3 class=\"ult-responsive\"  data-ultimate-target='#flip-box-wrap-8408 h3.ult-responsive'  data-responsive-json-new='{\"font-size\":\"desktop:18px;\",\"line-height\":\"\"}'  style=\"color:#333333; font-family:'Oswald';\">Zinc<\/h3><div class=\"ifb-flip-box-section-content ult-responsive\"  data-ultimate-target='#flip-box-wrap-8408 .ult-responsive'  data-responsive-json-new='{\"font-size\":\"\",\"line-height\":\"\"}'  style=\"color:#333333;\"><p>\u2022 Tierras.<br \/>\n\u2022 Escorias.<br \/>\n\u2022 Polvos.<\/p><\/div><\/div><\/div><!-- END .back --><\/div> <!-- ifb-flip-box --><\/div> <!-- flip-box --><\/div><!-- End icon block -->[\/vc_column][\/vc_row][vc_row equal_height=\u00bbyes\u00bb][vc_column width=\u00bb1\/2&#8243;]<div class=\"flip-box-wrap\" style=\"\"><div class=\"flip-box ifb-custom-height rounded-icon horizontal_flip_right flip-box-custom-height flip-ifb-custom-height\" data-animation=\"\" data-animation-delay=\"03\" style=\"\"  data-min-height='450px'><div class=\"ifb-flip-box\" id=\"flip-box-wrap-1856\"><div class=\"ifb-face ifb-front \" style=\"color:#93b500;background:#efefef;  border-color:#A4A4A4;\">\n\t\t\t\t\t\t\t<div class=\"ifb-flip-box-section ifb-flip-box-section-vertical-middle\">\n\t\t\t\t\t\t\t<div class=\"flip-box-icon\"><div class=\"ult-just-icon-wrapper  \"><div class=\"align-icon\" style=\"text-align:center;\">\n<div class=\"aio-icon-img \" style=\"font-size:200px;display:inline-block;\" >\n\t<img class=\"img-icon\" alt=\"null\" src=\"https:\/\/omnisource.com.mx\/prueba\/wp-content\/uploads\/2016\/06\/zimmer-materias-primas-plasticos.jpg\"\/>\n<\/div><\/div><\/div><\/div><h3 class=\"ult-responsive\"  data-ultimate-target='#flip-box-wrap-1856 h3.ult-responsive'  data-responsive-json-new='{\"font-size\":\"desktop:18px;\",\"line-height\":\"\"}'  style=\"color:#93b500; font-family:'Oswald';\">Pl\u00e1sticos<\/h3><\/div><\/div><!-- END .front -->\n\t\t\t\t\t\t<div class=\"ifb-face ifb-back\" style=\"color:#333333;background:#efefef;  border-color:#A4A4A4;\">\n\t\t\t\t\t\t\t<div class=\"ifb-flip-box-section ifb-flip-box-section-vertical-middle\"><h3 class=\"ult-responsive\"  data-ultimate-target='#flip-box-wrap-1856 h3.ult-responsive'  data-responsive-json-new='{\"font-size\":\"desktop:18px;\",\"line-height\":\"\"}'  style=\"color:#333333; font-family:'Oswald';\">Pl\u00e1sticos<\/h3><div class=\"ifb-flip-box-section-content ult-responsive\"  data-ultimate-target='#flip-box-wrap-1856 .ult-responsive'  data-responsive-json-new='{\"font-size\":\"\",\"line-height\":\"\"}'  style=\"color:#333333;\"><p>\u2022 ABS.<br \/>\n\u2022 ABS \/ PC.<br \/>\n\u2022 Acr\u00edlico.<br \/>\n\u2022 Acetal.<br \/>\n\u2022 HIPS.<br \/>\n\u2022 Nylon 6 (PA6).<br \/>\n\u2022 Nylon 12 (PA12).<br \/>\n\u2022 PPA.<br \/>\n\u2022 PET.<br \/>\n\u2022 PBT.<br \/>\n\u2022 PC.<br \/>\n\u2022 PE.<br \/>\n\u2022 PP.<br \/>\n\u2022 PS.<br \/>\n\u2022 PVC (r\u00edgido y flexible).<br \/>\n\u2022 SAN.<br \/>\n\u2022 LDPE.<br \/>\n\u2022 HDPE.<\/p><\/div><\/div><\/div><!-- END .back --><\/div> <!-- ifb-flip-box --><\/div> <!-- flip-box --><\/div><!-- End icon block -->[\/vc_column][vc_column width=\u00bb1\/2&#8243;]<div class=\"flip-box-wrap\" style=\"\"><div class=\"flip-box ifb-custom-height rounded-icon horizontal_flip_right flip-box-custom-height flip-ifb-custom-height\" data-animation=\"\" data-animation-delay=\"03\" style=\"\"  data-min-height='450px'><div class=\"ifb-flip-box\" id=\"flip-box-wrap-5024\"><div class=\"ifb-face ifb-front \" style=\"color:#93b500;background:#efefef;  border-color:#A4A4A4;\">\n\t\t\t\t\t\t\t<div class=\"ifb-flip-box-section ifb-flip-box-section-vertical-middle\">\n\t\t\t\t\t\t\t<div class=\"flip-box-icon\"><div class=\"ult-just-icon-wrapper  \"><div class=\"align-icon\" style=\"text-align:center;\">\n<div class=\"aio-icon-img \" style=\"font-size:200px;display:inline-block;\" >\n\t<img class=\"img-icon\" alt=\"null\" src=\"https:\/\/omnisource.com.mx\/prueba\/wp-content\/uploads\/2016\/06\/zimmer-materias-primas-carton.jpg\"\/>\n<\/div><\/div><\/div><\/div><h3 class=\"ult-responsive\"  data-ultimate-target='#flip-box-wrap-5024 h3.ult-responsive'  data-responsive-json-new='{\"font-size\":\"desktop:18px;\",\"line-height\":\"\"}'  style=\"color:#93b500; font-family:'Oswald';\">Cart\u00f3n<\/h3><\/div><\/div><!-- END .front -->\n\t\t\t\t\t\t<div class=\"ifb-face ifb-back\" style=\"color:#333333;background:#efefef;  border-color:#A4A4A4;\">\n\t\t\t\t\t\t\t<div class=\"ifb-flip-box-section ifb-flip-box-section-vertical-middle\"><h3 class=\"ult-responsive\"  data-ultimate-target='#flip-box-wrap-5024 h3.ult-responsive'  data-responsive-json-new='{\"font-size\":\"desktop:18px;\",\"line-height\":\"\"}'  style=\"color:#333333; font-family:'Oswald';\">Cart\u00f3n<\/h3><div class=\"ifb-flip-box-section-content ult-responsive\"  data-ultimate-target='#flip-box-wrap-5024 .ult-responsive'  data-responsive-json-new='{\"font-size\":\"\",\"line-height\":\"\"}'  style=\"color:#333333;\"><p>\u2022 Americano (OCC).<br \/>\n\u2022 Nacional.<br \/>\n\u2022 Mixto.<br \/>\n\u2022 Oriental.<\/p>\n<p>.<\/p><\/div><\/div><\/div><!-- END .back --><\/div> <!-- ifb-flip-box --><\/div> <!-- flip-box --><\/div><!-- End icon block -->[\/vc_column][\/vc_row]<\/p>\n","protected":false},"excerpt":{"rendered":"<p>[vc_row][vc_column][\/vc_column][\/vc_row][vc_row][vc_column width=\u00bb1\/3&#8243;][\/vc_column][vc_column width=\u00bb1\/3&#8243;][\/vc_column][vc_column width=\u00bb1\/3&#8243;][\/vc_column][\/vc_row][vc_row][vc_column width=\u00bb1\/3&#8243;][\/vc_column][vc_column width=\u00bb1\/3&#8243;][\/vc_column][vc_column width=\u00bb1\/3&#8243;][\/vc_column][\/vc_row][vc_row equal_height=\u00bbyes\u00bb][vc_column width=\u00bb1\/2&#8243;][\/vc_column][vc_column width=\u00bb1\/2&#8243;][\/vc_column][\/vc_row]<\/p>\n","protected":false},"author":2,"featured_media":0,"parent":0,"menu_order":0,"comment_status":"closed","ping_status":"closed","template":"","meta":[],"_links":{"self":[{"href":"https:\/\/omnisource.com.mx\/prueba\/wp-json\/wp\/v2\/pages\/178"}],"collection":[{"href":"https:\/\/omnisource.com.mx\/prueba\/wp-json\/wp\/v2\/pages"}],"about":[{"href":"https:\/\/omnisource.com.mx\/prueba\/wp-json\/wp\/v2\/types\/page"}],"author":[{"embeddable":true,"href":"https:\/\/omnisource.com.mx\/prueba\/wp-json\/wp\/v2\/users\/2"}],"replies":[{"embeddable":true,"href":"https:\/\/omnisource.com.mx\/prueba\/wp-json\/wp\/v2\/comments?post=178"}],"version-history":[{"count":20,"href":"https:\/\/omnisource.com.mx\/prueba\/wp-json\/wp\/v2\/pages\/178\/revisions"}],"predecessor-version":[{"id":553,"href":"https:\/\/omnisource.com.mx\/prueba\/wp-json\/wp\/v2\/pages\/178\/revisions\/553"}],"wp:attachment":[{"href":"https:\/\/omnisource.com.mx\/prueba\/wp-json\/wp\/v2\/media?parent=178"}],"curies":[{"name":"wp","href":"https:\/\/api.w.org\/{rel}","templated":true}]}}